{"id":2480,"date":"2024-07-06T16:43:06","date_gmt":"2024-07-06T14:43:06","guid":{"rendered":"https:\/\/chateaupascalette.com\/terms-and-conditions-of-sale\/"},"modified":"2024-07-13T12:19:09","modified_gmt":"2024-07-13T10:19:09","slug":"terms-and-conditions-of-sale","status":"publish","type":"page","link":"https:\/\/chateaupascalette.com\/en\/terms-and-conditions-of-sale\/","title":{"rendered":"General conditions of sale"},"content":{"rendered":"\t\t<div data-elementor-type=\"wp-page\" data-elementor-id=\"2480\" class=\"elementor elementor-2480 elementor-1731\" data-elementor-post-type=\"page\">\n\t\t\t\t<div class=\"elementor-element elementor-element-1d6e2be e-flex e-con-boxed e-con e-parent\" data-id=\"1d6e2be\" data-element_type=\"container\">\n\t\t\t\t\t<div class=\"e-con-inner\">\n\t\t\t\t<div class=\"elementor-element elementor-element-7b7031d elementor-widget elementor-widget-heading\" data-id=\"7b7031d\" data-element_type=\"widget\" data-widget_type=\"heading.default\">\n\t\t\t\t<div class=\"elementor-widget-container\">\n\t\t\t\t\t<h2 class=\"elementor-heading-title elementor-size-default\">Terms of Sales<\/h2>\t\t\t\t<\/div>\n\t\t\t\t<\/div>\n\t\t\t\t<div class=\"elementor-element elementor-element-17209ed elementor-widget elementor-widget-text-editor\" data-id=\"17209ed\" data-element_type=\"widget\" data-widget_type=\"text-editor.default\">\n\t\t\t\t<div class=\"elementor-widget-container\">\n\t\t\t\t\t\t\t\t\t<p>1.\u2060 \u2060Object:<\/p>\n<p>These General Conditions of Sale (CGV) govern the sales of rental services for g\u00eetes and guest rooms offered by Ch\u00e2teau Pascalette, located in La Londe-les-Maures.<\/p>\n<p>2.\u2060 \u2060Identification of the seller:<\/p>\n<p>Name of establishment: Ch\u00e2teau Pascalette<br \/>Legal form: SAS NAW<br \/>Head office address: departmental road 559, La Londe-les-Maures<br \/>SIRET number: 982 225 799 00013<br \/>Intracommunity VAT number: 982 225 799 00013<br \/>Telephone number: +33(0)4.94.01.28.64<br \/>Email address: reservationpasscalette@gmail.com<\/p>\n<p>3.\u2060 \u2060Description of services:<\/p>\n<p>Ch\u00e2teau Pascalette offers 6 g\u00eetes and 5 guest rooms for rent located within a wine estate. The characteristics, equipment and prices of each g\u00eete and guest room are detailed on the website www.chateaupascallette.com<\/p>\n<p>4.\u2060 \u2060Reservation and payment:<\/p>\n<p>Reservations can be made via our website www.chateaupascallette@.com, by telephone or by e-mail. This is only taken into account subject to acceptance by the owner. Activation of the reservation is confirmed upon return of the rental contract accompanied by the amount of the deposit (35%) for the stay. At the time of occupation of the premises, after drawing up a contradictory inventory, the tenant must finalize payment of the sum corresponding to the total price of all services. Payments can be made by credit card, transfer &amp; cash.<\/p>\n<p>5.\u2060 \u2060Cancellation conditions:<\/p>\n<p>In the event of cancellation by the customer, the following conditions apply:<\/p>\n<p>More than 30 days before the arrival date: the owner retains 50% of the deposit amount.<br \/>Less than 30 days before the arrival date: the owner retains the entire amount of the deposit.  <br \/>In case of no-show of the customer, the owner can dispose of his rental. No refunds will be made.<br \/>6.\u2060 \u2060Arrival and departure:<\/p>\n<p>Arrivals are from 5 p.m. Departures must be made before 10 a.m. In case of late arrival or early departure, please inform us in advance.<\/p>\n<p>7.\u2060 \u2060Use of the premises:<\/p>\n<p>The customer undertakes to respect the premises and return them in the condition in which they found them. Any damage or loss will be invoiced to the customer. The g\u00eetes and guest rooms are non-smoking. Pets are accepted in some of our accommodation, see the conditions in the g\u00eetes and rooms concerned.<\/p>\n<p>8.\u2060 \u2060Responsibility:<\/p>\n<p>Ch\u00e2teau Pascalette declines all responsibility in the event of theft, loss or damage of customers&#8217; personal effects. The establishment cannot be held liable in the event of force majeure or external nuisances.<\/p>\n<p>9.\u2060 \u2060Intellectual property:<\/p>\n<p>All elements of the site www.chateaupascallette.com and the brochures are the exclusive intellectual property of Ch\u00e2teau Pascalette. Any reproduction, even partial, is prohibited without prior authorization.<\/p>\n<p>10.\u2060 \u2060Protection of personal data:<\/p>\n<p>The information collected during the reservation is subject to computer processing intended for customer management. In accordance with current regulations, the customer has the right to access, rectify and delete personal data concerning him. To exercise this right, the customer can contact chateaupascallette@gmail.com<\/p>\n<p>11.\u2060 \u2060Applicable law and disputes:<\/p>\n<p>These General Terms and Conditions are subject to French law. In the event of a dispute, an amicable solution will be sought before any legal action. In the absence of an amicable agreement, the dispute will be brought before the competent courts of Toulon.<\/p>\n\t\t\t\t\t\t\t\t<\/div>\n\t\t\t\t<\/div>\n\t\t\t\t\t<\/div>\n\t\t\t\t<\/div>\n\t\t\t\t<\/div>\n\t\t","protected":false},"excerpt":{"rendered":"<p>Terms of Sales 1.\u2060 \u2060Object: These General Conditions of Sale (CGV) govern the sales of rental services for g\u00eetes and guest rooms offered by Ch\u00e2teau Pascalette, located in La Londe-les-Maures. 2.\u2060 \u2060Identification of the seller: Name of establishment: Ch\u00e2teau PascaletteLegal form: SAS NAWHead office address: departmental road 559, La Londe-les-MauresSIRET number: 982 225 799 00013Intracommunity [&hellip;]<\/p>\n","protected":false},"author":1,"featured_media":0,"parent":0,"menu_order":0,"comment_status":"closed","ping_status":"closed","template":"elementor_header_footer","meta":{"footnotes":""},"class_list":["post-2480","page","type-page","status-publish","hentry"],"yoast_head":"<!-- This site is optimized with the Yoast SEO plugin v25.3 - https:\/\/yoast.com\/wordpress\/plugins\/seo\/ -->\n<title>General conditions of sale - Ch\u00e2teau Pascalette<\/title>\n<meta name=\"robots\" content=\"index, follow, max-snippet:-1, max-image-preview:large, max-video-preview:-1\" \/>\n<link rel=\"canonical\" href=\"https:\/\/chateaupascalette.com\/en\/terms-and-conditions-of-sale\/\" \/>\n<meta property=\"og:locale\" content=\"en_US\" \/>\n<meta property=\"og:type\" content=\"article\" \/>\n<meta property=\"og:title\" content=\"General conditions of sale - Ch\u00e2teau Pascalette\" \/>\n<meta property=\"og:description\" content=\"Terms of Sales 1.\u2060 \u2060Object: These General Conditions of Sale (CGV) govern the sales of rental services for g\u00eetes and guest rooms offered by Ch\u00e2teau Pascalette, located in La Londe-les-Maures. 2.\u2060 \u2060Identification of the seller: Name of establishment: Ch\u00e2teau PascaletteLegal form: SAS NAWHead office address: departmental road 559, La Londe-les-MauresSIRET number: 982 225 799 00013Intracommunity [&hellip;]\" \/>\n<meta property=\"og:url\" content=\"https:\/\/chateaupascalette.com\/en\/terms-and-conditions-of-sale\/\" \/>\n<meta property=\"og:site_name\" content=\"Ch\u00e2teau Pascalette\" \/>\n<meta property=\"article:modified_time\" content=\"2024-07-13T10:19:09+00:00\" \/>\n<meta name=\"twitter:card\" content=\"summary_large_image\" \/>\n<meta name=\"twitter:label1\" content=\"Est. reading time\" \/>\n\t<meta name=\"twitter:data1\" content=\"3 minutes\" \/>\n<script type=\"application\/ld+json\" class=\"yoast-schema-graph\">{\"@context\":\"https:\/\/schema.org\",\"@graph\":[{\"@type\":\"WebPage\",\"@id\":\"https:\/\/chateaupascalette.com\/en\/terms-and-conditions-of-sale\/\",\"url\":\"https:\/\/chateaupascalette.com\/en\/terms-and-conditions-of-sale\/\",\"name\":\"General conditions of sale - Ch\u00e2teau Pascalette\",\"isPartOf\":{\"@id\":\"https:\/\/chateaupascalette.com\/#website\"},\"datePublished\":\"2024-07-06T14:43:06+00:00\",\"dateModified\":\"2024-07-13T10:19:09+00:00\",\"breadcrumb\":{\"@id\":\"https:\/\/chateaupascalette.com\/en\/terms-and-conditions-of-sale\/#breadcrumb\"},\"inLanguage\":\"en-US\",\"potentialAction\":[{\"@type\":\"ReadAction\",\"target\":[\"https:\/\/chateaupascalette.com\/en\/terms-and-conditions-of-sale\/\"]}]},{\"@type\":\"BreadcrumbList\",\"@id\":\"https:\/\/chateaupascalette.com\/en\/terms-and-conditions-of-sale\/#breadcrumb\",\"itemListElement\":[{\"@type\":\"ListItem\",\"position\":1,\"name\":\"Accueil\",\"item\":\"https:\/\/chateaupascalette.com\/\"},{\"@type\":\"ListItem\",\"position\":2,\"name\":\"General conditions of sale\"}]},{\"@type\":\"WebSite\",\"@id\":\"https:\/\/chateaupascalette.com\/#website\",\"url\":\"https:\/\/chateaupascalette.com\/\",\"name\":\"Ch\u00e2teau de la Pascalette\",\"description\":\"\",\"publisher\":{\"@id\":\"https:\/\/chateaupascalette.com\/#organization\"},\"potentialAction\":[{\"@type\":\"SearchAction\",\"target\":{\"@type\":\"EntryPoint\",\"urlTemplate\":\"https:\/\/chateaupascalette.com\/?s={search_term_string}\"},\"query-input\":{\"@type\":\"PropertyValueSpecification\",\"valueRequired\":true,\"valueName\":\"search_term_string\"}}],\"inLanguage\":\"en-US\"},{\"@type\":\"Organization\",\"@id\":\"https:\/\/chateaupascalette.com\/#organization\",\"name\":\"Ch\u00e2teau Pascalette\",\"url\":\"https:\/\/chateaupascalette.com\/\",\"logo\":{\"@type\":\"ImageObject\",\"inLanguage\":\"en-US\",\"@id\":\"https:\/\/chateaupascalette.com\/#\/schema\/logo\/image\/\",\"url\":\"https:\/\/chateaupascalette.com\/wp-content\/uploads\/2024\/02\/cropped-logo-bEIGE-2.png\",\"contentUrl\":\"https:\/\/chateaupascalette.com\/wp-content\/uploads\/2024\/02\/cropped-logo-bEIGE-2.png\",\"width\":512,\"height\":512,\"caption\":\"Ch\u00e2teau Pascalette\"},\"image\":{\"@id\":\"https:\/\/chateaupascalette.com\/#\/schema\/logo\/image\/\"}}]}<\/script>\n<!-- \/ Yoast SEO plugin. -->","yoast_head_json":{"title":"General conditions of sale - Ch\u00e2teau Pascalette","robots":{"index":"index","follow":"follow","max-snippet":"max-snippet:-1","max-image-preview":"max-image-preview:large","max-video-preview":"max-video-preview:-1"},"canonical":"https:\/\/chateaupascalette.com\/en\/terms-and-conditions-of-sale\/","og_locale":"en_US","og_type":"article","og_title":"General conditions of sale - Ch\u00e2teau Pascalette","og_description":"Terms of Sales 1.\u2060 \u2060Object: These General Conditions of Sale (CGV) govern the sales of rental services for g\u00eetes and guest rooms offered by Ch\u00e2teau Pascalette, located in La Londe-les-Maures. 2.\u2060 \u2060Identification of the seller: Name of establishment: Ch\u00e2teau PascaletteLegal form: SAS NAWHead office address: departmental road 559, La Londe-les-MauresSIRET number: 982 225 799 00013Intracommunity [&hellip;]","og_url":"https:\/\/chateaupascalette.com\/en\/terms-and-conditions-of-sale\/","og_site_name":"Ch\u00e2teau Pascalette","article_modified_time":"2024-07-13T10:19:09+00:00","twitter_card":"summary_large_image","twitter_misc":{"Est. reading time":"3 minutes"},"schema":{"@context":"https:\/\/schema.org","@graph":[{"@type":"WebPage","@id":"https:\/\/chateaupascalette.com\/en\/terms-and-conditions-of-sale\/","url":"https:\/\/chateaupascalette.com\/en\/terms-and-conditions-of-sale\/","name":"General conditions of sale - Ch\u00e2teau Pascalette","isPartOf":{"@id":"https:\/\/chateaupascalette.com\/#website"},"datePublished":"2024-07-06T14:43:06+00:00","dateModified":"2024-07-13T10:19:09+00:00","breadcrumb":{"@id":"https:\/\/chateaupascalette.com\/en\/terms-and-conditions-of-sale\/#breadcrumb"},"inLanguage":"en-US","potentialAction":[{"@type":"ReadAction","target":["https:\/\/chateaupascalette.com\/en\/terms-and-conditions-of-sale\/"]}]},{"@type":"BreadcrumbList","@id":"https:\/\/chateaupascalette.com\/en\/terms-and-conditions-of-sale\/#breadcrumb","itemListElement":[{"@type":"ListItem","position":1,"name":"Accueil","item":"https:\/\/chateaupascalette.com\/"},{"@type":"ListItem","position":2,"name":"General conditions of sale"}]},{"@type":"WebSite","@id":"https:\/\/chateaupascalette.com\/#website","url":"https:\/\/chateaupascalette.com\/","name":"Ch\u00e2teau de la Pascalette","description":"","publisher":{"@id":"https:\/\/chateaupascalette.com\/#organization"},"potentialAction":[{"@type":"SearchAction","target":{"@type":"EntryPoint","urlTemplate":"https:\/\/chateaupascalette.com\/?s={search_term_string}"},"query-input":{"@type":"PropertyValueSpecification","valueRequired":true,"valueName":"search_term_string"}}],"inLanguage":"en-US"},{"@type":"Organization","@id":"https:\/\/chateaupascalette.com\/#organization","name":"Ch\u00e2teau Pascalette","url":"https:\/\/chateaupascalette.com\/","logo":{"@type":"ImageObject","inLanguage":"en-US","@id":"https:\/\/chateaupascalette.com\/#\/schema\/logo\/image\/","url":"https:\/\/chateaupascalette.com\/wp-content\/uploads\/2024\/02\/cropped-logo-bEIGE-2.png","contentUrl":"https:\/\/chateaupascalette.com\/wp-content\/uploads\/2024\/02\/cropped-logo-bEIGE-2.png","width":512,"height":512,"caption":"Ch\u00e2teau Pascalette"},"image":{"@id":"https:\/\/chateaupascalette.com\/#\/schema\/logo\/image\/"}}]}},"_links":{"self":[{"href":"https:\/\/chateaupascalette.com\/en\/wp-json\/wp\/v2\/pages\/2480","targetHints":{"allow":["GET"]}}],"collection":[{"href":"https:\/\/chateaupascalette.com\/en\/wp-json\/wp\/v2\/pages"}],"about":[{"href":"https:\/\/chateaupascalette.com\/en\/wp-json\/wp\/v2\/types\/page"}],"author":[{"embeddable":true,"href":"https:\/\/chateaupascalette.com\/en\/wp-json\/wp\/v2\/users\/1"}],"replies":[{"embeddable":true,"href":"https:\/\/chateaupascalette.com\/en\/wp-json\/wp\/v2\/comments?post=2480"}],"version-history":[{"count":2,"href":"https:\/\/chateaupascalette.com\/en\/wp-json\/wp\/v2\/pages\/2480\/revisions"}],"predecessor-version":[{"id":2708,"href":"https:\/\/chateaupascalette.com\/en\/wp-json\/wp\/v2\/pages\/2480\/revisions\/2708"}],"wp:attachment":[{"href":"https:\/\/chateaupascalette.com\/en\/wp-json\/wp\/v2\/media?parent=2480"}],"curies":[{"name":"wp","href":"https:\/\/api.w.org\/{rel}","templated":true}]}}