{"id":2471,"date":"2024-02-16T22:48:13","date_gmt":"2024-02-16T21:48:13","guid":{"rendered":"https:\/\/chateaupascalette.com\/receptions-and-seminars\/"},"modified":"2025-02-14T00:11:05","modified_gmt":"2025-02-13T23:11:05","slug":"receptions-and-seminars","status":"publish","type":"page","link":"https:\/\/chateaupascalette.com\/en\/receptions-and-seminars\/","title":{"rendered":"Receptions and Seminars"},"content":{"rendered":"\t\t<div data-elementor-type=\"wp-page\" data-elementor-id=\"2471\" class=\"elementor elementor-2471 elementor-111\" data-elementor-post-type=\"page\">\n\t\t\t\t\t\t<section class=\"elementor-section elementor-top-section elementor-element elementor-element-2dc13c4 elementor-section-height-min-height elementor-section-full_width elementor-section-height-default elementor-section-items-middle\" data-id=\"2dc13c4\" data-element_type=\"section\" data-settings=\"{&quot;background_background&quot;:&quot;classic&quot;}\">\n\t\t\t\t\t\t\t<div class=\"elementor-background-overlay\"><\/div>\n\t\t\t\t\t\t\t<div class=\"elementor-container elementor-column-gap-no\">\n\t\t\t\t\t<div class=\"elementor-column elementor-col-100 elementor-top-column elementor-element elementor-element-532b000\" data-id=\"532b000\" data-element_type=\"column\">\n\t\t\t<div class=\"elementor-widget-wrap elementor-element-populated\">\n\t\t\t\t\t\t<section class=\"elementor-section elementor-inner-section elementor-element elementor-element-bdfe49c elementor-section-boxed elementor-section-height-default elementor-section-height-default\" data-id=\"bdfe49c\" data-element_type=\"section\">\n\t\t\t\t\t\t<div class=\"elementor-container elementor-column-gap-default\">\n\t\t\t\t\t<div class=\"elementor-column elementor-col-100 elementor-inner-column elementor-element elementor-element-24ef037\" data-id=\"24ef037\" data-element_type=\"column\">\n\t\t\t<div class=\"elementor-widget-wrap\">\n\t\t\t\t\t\t\t<\/div>\n\t\t<\/div>\n\t\t\t\t\t<\/div>\n\t\t<\/section>\n\t\t\t\t\t<\/div>\n\t\t<\/div>\n\t\t\t\t\t<\/div>\n\t\t<\/section>\n\t\t\t\t<section class=\"elementor-section elementor-top-section elementor-element elementor-element-2c1d426 elementor-section-boxed elementor-section-height-default elementor-section-height-default\" data-id=\"2c1d426\" data-element_type=\"section\">\n\t\t\t\t\t\t<div class=\"elementor-container elementor-column-gap-default\">\n\t\t\t\t\t<div class=\"elementor-column elementor-col-100 elementor-top-column elementor-element elementor-element-0f1b702\" data-id=\"0f1b702\" data-element_type=\"column\">\n\t\t\t<div class=\"elementor-widget-wrap elementor-element-populated\">\n\t\t\t\t\t\t<div class=\"elementor-element elementor-element-01afa8d elementor-widget elementor-widget-spacer\" data-id=\"01afa8d\" data-element_type=\"widget\" data-widget_type=\"spacer.default\">\n\t\t\t\t<div class=\"elementor-widget-container\">\n\t\t\t\t\t\t\t<div class=\"elementor-spacer\">\n\t\t\t<div class=\"elementor-spacer-inner\"><\/div>\n\t\t<\/div>\n\t\t\t\t\t\t<\/div>\n\t\t\t\t<\/div>\n\t\t\t\t<div class=\"elementor-element elementor-element-ee9b1c0 elementor-widget elementor-widget-heading\" data-id=\"ee9b1c0\" data-element_type=\"widget\" data-widget_type=\"heading.default\">\n\t\t\t\t<div class=\"elementor-widget-container\">\n\t\t\t\t\t<h1 class=\"elementor-heading-title elementor-size-default\">RECEPTIONS AND SEMINARS<\/h1>\t\t\t\t<\/div>\n\t\t\t\t<\/div>\n\t\t\t\t<div class=\"elementor-element elementor-element-2f69560 elementor-widget elementor-widget-spacer\" data-id=\"2f69560\" data-element_type=\"widget\" data-widget_type=\"spacer.default\">\n\t\t\t\t<div class=\"elementor-widget-container\">\n\t\t\t\t\t\t\t<div class=\"elementor-spacer\">\n\t\t\t<div class=\"elementor-spacer-inner\"><\/div>\n\t\t<\/div>\n\t\t\t\t\t\t<\/div>\n\t\t\t\t<\/div>\n\t\t\t\t<div class=\"elementor-element elementor-element-cdbb360 elementor-widget elementor-widget-text-editor\" data-id=\"cdbb360\" data-element_type=\"widget\" data-widget_type=\"text-editor.default\">\n\t\t\t\t<div class=\"elementor-widget-container\">\n\t\t\t\t\t\t\t\t\t<p><span style=\"font-weight: 400;\">Within our field, we offer a variety of services to meet all needs and occasions. Whether you are looking for an enchanting setting for private or professional events, we are here to transform your dreams into reality.<\/span><\/p>\n\t\t\t\t\t\t\t\t<\/div>\n\t\t\t\t<\/div>\n\t\t\t\t<div class=\"elementor-element elementor-element-3a7f506 elementor-widget elementor-widget-spacer\" data-id=\"3a7f506\" data-element_type=\"widget\" data-widget_type=\"spacer.default\">\n\t\t\t\t<div class=\"elementor-widget-container\">\n\t\t\t\t\t\t\t<div class=\"elementor-spacer\">\n\t\t\t<div class=\"elementor-spacer-inner\"><\/div>\n\t\t<\/div>\n\t\t\t\t\t\t<\/div>\n\t\t\t\t<\/div>\n\t\t\t\t\t<\/div>\n\t\t<\/div>\n\t\t\t\t\t<\/div>\n\t\t<\/section>\n\t\t<div class=\"elementor-element elementor-element-e235ee2 e-con-full e-flex e-con e-parent\" data-id=\"e235ee2\" data-element_type=\"container\">\n\t\t<div class=\"elementor-element elementor-element-ef3f877 e-con-full e-flex e-con e-child\" data-id=\"ef3f877\" data-element_type=\"container\">\n\t\t\t\t<div class=\"elementor-element elementor-element-300d04f elementor-widget elementor-widget-e_image_hover_effects\" data-id=\"300d04f\" data-element_type=\"widget\" data-widget_type=\"e_image_hover_effects.default\">\n\t\t\t\t<div class=\"elementor-widget-container\">\n\t\t\t\t\t\t\t\t<div class=\"eihe-box eihe-fade eihe_\">\n\t\t\t\t<img fetchpriority=\"high\" decoding=\"async\" width=\"2560\" height=\"1706\" src=\"https:\/\/chateaupascalette.com\/wp-content\/uploads\/2024\/07\/1-e1721223172159.jpg\" class=\"attachment-full size-full wp-image-3055\" alt=\"\" srcset=\"https:\/\/chateaupascalette.com\/wp-content\/uploads\/2024\/07\/1-e1721223172159.jpg 2560w, https:\/\/chateaupascalette.com\/wp-content\/uploads\/2024\/07\/1-e1721223172159-300x200.jpg 300w, https:\/\/chateaupascalette.com\/wp-content\/uploads\/2024\/07\/1-e1721223172159-1024x682.jpg 1024w, https:\/\/chateaupascalette.com\/wp-content\/uploads\/2024\/07\/1-e1721223172159-768x512.jpg 768w, https:\/\/chateaupascalette.com\/wp-content\/uploads\/2024\/07\/1-e1721223172159-1536x1024.jpg 1536w, https:\/\/chateaupascalette.com\/wp-content\/uploads\/2024\/07\/1-e1721223172159-2048x1365.jpg 2048w\" sizes=\"(max-width: 2560px) 100vw, 2560px\" \/>\t\t\t\t<div class=\"eihe-caption\">\n\t\t\t\t\t<div class=\"eihe-title-cover\">\n\t\t\t\t\t\t\t\t\t\t\t\t<h3 class=\"eihe-title\">Private<\/h3>\n\t\t\t\t\t\t\t\t\t\t\t<\/div>\n\t\t\t\t\t<p>For your private events, let your imagination run wild. Whether celebrating a romantic wedding, a moving baptism or a memorable birthday, our estate offers an idyllic setting for every important stage of your life. Our 6 g\u00eetes, which can accommodate 2 to 11 people each, as well as our sumptuous castle with its 5 guest rooms and 2 g\u00eetes, offer comfortable accommodation for your guests and an authentic atmosphere for your celebration.<\/p>\n\t\t\t\t<\/div>\n\t\t\t<\/div>\n\t\t\t\t\t\t<\/div>\n\t\t\t\t<\/div>\n\t\t\t\t<\/div>\n\t\t<div class=\"elementor-element elementor-element-fe57768 e-con-full e-flex e-con e-child\" data-id=\"fe57768\" data-element_type=\"container\">\n\t\t\t\t<div class=\"elementor-element elementor-element-12cdbcb elementor-widget elementor-widget-e_image_hover_effects\" data-id=\"12cdbcb\" data-element_type=\"widget\" data-widget_type=\"e_image_hover_effects.default\">\n\t\t\t\t<div class=\"elementor-widget-container\">\n\t\t\t\t\t\t\t\t<div class=\"eihe-box eihe-fade eihe_\">\n\t\t\t\t<img decoding=\"async\" width=\"2560\" height=\"1707\" src=\"https:\/\/chateaupascalette.com\/wp-content\/uploads\/2024\/04\/look-from-white-chairs-standing-green-lawn-before-wedding-altar-scaled.jpg\" class=\"attachment-full size-full wp-image-707\" alt=\"ch\u00e2teau de la pascalette, chateau pascalette, g\u00eetes d&#039;exception, chambres d&#039;h\u00f4tes, \u00eeles d&#039;or, production huile d&#039;olive, vin ros\u00e9, production de vin ros\u00e9, agrumes, s\u00e9jour de luxe, h\u00e9bergement haut de gamme, tourisme rural, domaine viticole, domaine ol\u00e9icole, provence, escapade romantique, vacances d\u00e9tente, vue mer, oliveraie, vignoble, d\u00e9gustation de vin, produits du terroir, s\u00e9jour gastronomique, activit\u00e9s \u0153notouristiques, retraite paisible, escapade en nature, produits artisanaux, vue mer, var, br\u00e9gan\u00e7on, la Londe-les-maures, Hy\u00e8res, Toulon, chambres d&#039;h\u00f4tes \u00e0 Hy\u00e8res , Ch\u00e2teau Hy\u00e8res , Ch\u00e2teau \u00e0 Hy\u00e8res , Ch\u00e2teau la Londe , ch\u00e2teau\" srcset=\"https:\/\/chateaupascalette.com\/wp-content\/uploads\/2024\/04\/look-from-white-chairs-standing-green-lawn-before-wedding-altar-scaled.jpg 2560w, https:\/\/chateaupascalette.com\/wp-content\/uploads\/2024\/04\/look-from-white-chairs-standing-green-lawn-before-wedding-altar-300x200.jpg 300w, https:\/\/chateaupascalette.com\/wp-content\/uploads\/2024\/04\/look-from-white-chairs-standing-green-lawn-before-wedding-altar-1024x683.jpg 1024w, https:\/\/chateaupascalette.com\/wp-content\/uploads\/2024\/04\/look-from-white-chairs-standing-green-lawn-before-wedding-altar-768x512.jpg 768w, https:\/\/chateaupascalette.com\/wp-content\/uploads\/2024\/04\/look-from-white-chairs-standing-green-lawn-before-wedding-altar-1536x1024.jpg 1536w, https:\/\/chateaupascalette.com\/wp-content\/uploads\/2024\/04\/look-from-white-chairs-standing-green-lawn-before-wedding-altar-2048x1365.jpg 2048w\" sizes=\"(max-width: 2560px) 100vw, 2560px\" \/>\t\t\t\t<div class=\"eihe-caption\">\n\t\t\t\t\t<div class=\"eihe-title-cover\">\n\t\t\t\t\t\t\t\t\t\t\t\t<h3 class=\"eihe-title\">Professionals<\/h3>\n\t\t\t\t\t\t\t\t\t\t\t<\/div>\n\t\t\t\t\t<p>For professional events, our domain offers a prestigious and inspiring setting for your seminars, product launches, corporate meetings and other business events. Our versatile spaces and modern equipment are designed to meet your professional needs while providing a peaceful setting conducive to reflection and creativity.\n<\/p>\n\t\t\t\t<\/div>\n\t\t\t<\/div>\n\t\t\t\t\t\t<\/div>\n\t\t\t\t<\/div>\n\t\t\t\t<\/div>\n\t\t\t\t<\/div>\n\t\t\t\t<\/div>\n\t\t","protected":false},"excerpt":{"rendered":"<p>RECEPTIONS AND SEMINARS Within our field, we offer a variety of services to meet all needs and occasions. Whether you are looking for an enchanting setting for private or professional events, we are here to transform your dreams into reality. Private For your private events, let your imagination run wild. Whether celebrating a romantic wedding, [&hellip;]<\/p>\n","protected":false},"author":1,"featured_media":2170,"parent":0,"menu_order":0,"comment_status":"closed","ping_status":"closed","template":"","meta":{"footnotes":""},"class_list":["post-2471","page","type-page","status-publish","has-post-thumbnail","hentry"],"yoast_head":"<!-- This site is optimized with the Yoast SEO plugin v25.3 - https:\/\/yoast.com\/wordpress\/plugins\/seo\/ -->\n<title>Receptions and Seminars - Ch\u00e2teau Pascalette<\/title>\n<meta name=\"description\" content=\"Organize your wedding, baptism or seminar at Ch\u00e2teau Pascalette. Elegant room rental on the Var coast.\" \/>\n<meta name=\"robots\" content=\"index, follow, max-snippet:-1, max-image-preview:large, max-video-preview:-1\" \/>\n<link rel=\"canonical\" href=\"https:\/\/chateaupascalette.com\/receptions-et-seminaires\/\" \/>\n<meta property=\"og:locale\" content=\"en_US\" \/>\n<meta property=\"og:type\" content=\"article\" \/>\n<meta property=\"og:title\" content=\"Receptions and Seminars - Ch\u00e2teau Pascalette\" \/>\n<meta property=\"og:description\" content=\"Organize your wedding, baptism or seminar at Ch\u00e2teau Pascalette. Elegant room rental on the Var coast.\" \/>\n<meta property=\"og:url\" content=\"https:\/\/chateaupascalette.com\/receptions-et-seminaires\/\" \/>\n<meta property=\"og:site_name\" content=\"Ch\u00e2teau Pascalette\" \/>\n<meta property=\"article:modified_time\" content=\"2025-02-13T23:11:05+00:00\" \/>\n<meta property=\"og:image\" content=\"https:\/\/chateaupascalette.com\/wp-content\/uploads\/2024\/04\/bride-groom-their-wedding-ceremony-scaled.jpg\" \/>\n\t<meta property=\"og:image:width\" content=\"2560\" \/>\n\t<meta property=\"og:image:height\" content=\"1707\" \/>\n\t<meta property=\"og:image:type\" content=\"image\/jpeg\" \/>\n<meta name=\"twitter:card\" content=\"summary_large_image\" \/>\n<meta name=\"twitter:label1\" content=\"Est. reading time\" \/>\n\t<meta name=\"twitter:data1\" content=\"1 minute\" \/>\n<script type=\"application\/ld+json\" class=\"yoast-schema-graph\">{\"@context\":\"https:\/\/schema.org\",\"@graph\":[{\"@type\":\"WebPage\",\"@id\":\"https:\/\/chateaupascalette.com\/receptions-et-seminaires\/\",\"url\":\"https:\/\/chateaupascalette.com\/receptions-et-seminaires\/\",\"name\":\"Receptions and Seminars - Ch\u00e2teau Pascalette\",\"isPartOf\":{\"@id\":\"https:\/\/chateaupascalette.com\/#website\"},\"primaryImageOfPage\":{\"@id\":\"https:\/\/chateaupascalette.com\/receptions-et-seminaires\/#primaryimage\"},\"image\":{\"@id\":\"https:\/\/chateaupascalette.com\/receptions-et-seminaires\/#primaryimage\"},\"thumbnailUrl\":\"https:\/\/chateaupascalette.com\/wp-content\/uploads\/2024\/04\/bride-groom-their-wedding-ceremony-scaled.jpg\",\"datePublished\":\"2024-02-16T21:48:13+00:00\",\"dateModified\":\"2025-02-13T23:11:05+00:00\",\"description\":\"Organize your wedding, baptism or seminar at Ch\u00e2teau Pascalette. Elegant room rental on the Var coast.\",\"breadcrumb\":{\"@id\":\"https:\/\/chateaupascalette.com\/receptions-et-seminaires\/#breadcrumb\"},\"inLanguage\":\"en-US\",\"potentialAction\":[{\"@type\":\"ReadAction\",\"target\":[\"https:\/\/chateaupascalette.com\/receptions-et-seminaires\/\"]}]},{\"@type\":\"ImageObject\",\"inLanguage\":\"en-US\",\"@id\":\"https:\/\/chateaupascalette.com\/receptions-et-seminaires\/#primaryimage\",\"url\":\"https:\/\/chateaupascalette.com\/wp-content\/uploads\/2024\/04\/bride-groom-their-wedding-ceremony-scaled.jpg\",\"contentUrl\":\"https:\/\/chateaupascalette.com\/wp-content\/uploads\/2024\/04\/bride-groom-their-wedding-ceremony-scaled.jpg\",\"width\":2560,\"height\":1707,\"caption\":\"Bride and groom on their wedding ceremony\"},{\"@type\":\"BreadcrumbList\",\"@id\":\"https:\/\/chateaupascalette.com\/receptions-et-seminaires\/#breadcrumb\",\"itemListElement\":[{\"@type\":\"ListItem\",\"position\":1,\"name\":\"Accueil\",\"item\":\"https:\/\/chateaupascalette.com\/\"},{\"@type\":\"ListItem\",\"position\":2,\"name\":\"Receptions and Seminars\"}]},{\"@type\":\"WebSite\",\"@id\":\"https:\/\/chateaupascalette.com\/#website\",\"url\":\"https:\/\/chateaupascalette.com\/\",\"name\":\"Ch\u00e2teau de la Pascalette\",\"description\":\"\",\"publisher\":{\"@id\":\"https:\/\/chateaupascalette.com\/#organization\"},\"potentialAction\":[{\"@type\":\"SearchAction\",\"target\":{\"@type\":\"EntryPoint\",\"urlTemplate\":\"https:\/\/chateaupascalette.com\/?s={search_term_string}\"},\"query-input\":{\"@type\":\"PropertyValueSpecification\",\"valueRequired\":true,\"valueName\":\"search_term_string\"}}],\"inLanguage\":\"en-US\"},{\"@type\":\"Organization\",\"@id\":\"https:\/\/chateaupascalette.com\/#organization\",\"name\":\"Ch\u00e2teau Pascalette\",\"url\":\"https:\/\/chateaupascalette.com\/\",\"logo\":{\"@type\":\"ImageObject\",\"inLanguage\":\"en-US\",\"@id\":\"https:\/\/chateaupascalette.com\/#\/schema\/logo\/image\/\",\"url\":\"https:\/\/chateaupascalette.com\/wp-content\/uploads\/2024\/02\/cropped-logo-bEIGE-2.png\",\"contentUrl\":\"https:\/\/chateaupascalette.com\/wp-content\/uploads\/2024\/02\/cropped-logo-bEIGE-2.png\",\"width\":512,\"height\":512,\"caption\":\"Ch\u00e2teau Pascalette\"},\"image\":{\"@id\":\"https:\/\/chateaupascalette.com\/#\/schema\/logo\/image\/\"}}]}<\/script>\n<!-- \/ Yoast SEO plugin. -->","yoast_head_json":{"title":"Receptions and Seminars - Ch\u00e2teau Pascalette","description":"Organize your wedding, baptism or seminar at Ch\u00e2teau Pascalette. Elegant room rental on the Var coast.","robots":{"index":"index","follow":"follow","max-snippet":"max-snippet:-1","max-image-preview":"max-image-preview:large","max-video-preview":"max-video-preview:-1"},"canonical":"https:\/\/chateaupascalette.com\/receptions-et-seminaires\/","og_locale":"en_US","og_type":"article","og_title":"Receptions and Seminars - Ch\u00e2teau Pascalette","og_description":"Organize your wedding, baptism or seminar at Ch\u00e2teau Pascalette. Elegant room rental on the Var coast.","og_url":"https:\/\/chateaupascalette.com\/receptions-et-seminaires\/","og_site_name":"Ch\u00e2teau Pascalette","article_modified_time":"2025-02-13T23:11:05+00:00","og_image":[{"width":2560,"height":1707,"url":"https:\/\/chateaupascalette.com\/wp-content\/uploads\/2024\/04\/bride-groom-their-wedding-ceremony-scaled.jpg","type":"image\/jpeg"}],"twitter_card":"summary_large_image","twitter_misc":{"Est. reading time":"1 minute"},"schema":{"@context":"https:\/\/schema.org","@graph":[{"@type":"WebPage","@id":"https:\/\/chateaupascalette.com\/receptions-et-seminaires\/","url":"https:\/\/chateaupascalette.com\/receptions-et-seminaires\/","name":"Receptions and Seminars - Ch\u00e2teau Pascalette","isPartOf":{"@id":"https:\/\/chateaupascalette.com\/#website"},"primaryImageOfPage":{"@id":"https:\/\/chateaupascalette.com\/receptions-et-seminaires\/#primaryimage"},"image":{"@id":"https:\/\/chateaupascalette.com\/receptions-et-seminaires\/#primaryimage"},"thumbnailUrl":"https:\/\/chateaupascalette.com\/wp-content\/uploads\/2024\/04\/bride-groom-their-wedding-ceremony-scaled.jpg","datePublished":"2024-02-16T21:48:13+00:00","dateModified":"2025-02-13T23:11:05+00:00","description":"Organize your wedding, baptism or seminar at Ch\u00e2teau Pascalette. Elegant room rental on the Var coast.","breadcrumb":{"@id":"https:\/\/chateaupascalette.com\/receptions-et-seminaires\/#breadcrumb"},"inLanguage":"en-US","potentialAction":[{"@type":"ReadAction","target":["https:\/\/chateaupascalette.com\/receptions-et-seminaires\/"]}]},{"@type":"ImageObject","inLanguage":"en-US","@id":"https:\/\/chateaupascalette.com\/receptions-et-seminaires\/#primaryimage","url":"https:\/\/chateaupascalette.com\/wp-content\/uploads\/2024\/04\/bride-groom-their-wedding-ceremony-scaled.jpg","contentUrl":"https:\/\/chateaupascalette.com\/wp-content\/uploads\/2024\/04\/bride-groom-their-wedding-ceremony-scaled.jpg","width":2560,"height":1707,"caption":"Bride and groom on their wedding ceremony"},{"@type":"BreadcrumbList","@id":"https:\/\/chateaupascalette.com\/receptions-et-seminaires\/#breadcrumb","itemListElement":[{"@type":"ListItem","position":1,"name":"Accueil","item":"https:\/\/chateaupascalette.com\/"},{"@type":"ListItem","position":2,"name":"Receptions and Seminars"}]},{"@type":"WebSite","@id":"https:\/\/chateaupascalette.com\/#website","url":"https:\/\/chateaupascalette.com\/","name":"Ch\u00e2teau de la Pascalette","description":"","publisher":{"@id":"https:\/\/chateaupascalette.com\/#organization"},"potentialAction":[{"@type":"SearchAction","target":{"@type":"EntryPoint","urlTemplate":"https:\/\/chateaupascalette.com\/?s={search_term_string}"},"query-input":{"@type":"PropertyValueSpecification","valueRequired":true,"valueName":"search_term_string"}}],"inLanguage":"en-US"},{"@type":"Organization","@id":"https:\/\/chateaupascalette.com\/#organization","name":"Ch\u00e2teau Pascalette","url":"https:\/\/chateaupascalette.com\/","logo":{"@type":"ImageObject","inLanguage":"en-US","@id":"https:\/\/chateaupascalette.com\/#\/schema\/logo\/image\/","url":"https:\/\/chateaupascalette.com\/wp-content\/uploads\/2024\/02\/cropped-logo-bEIGE-2.png","contentUrl":"https:\/\/chateaupascalette.com\/wp-content\/uploads\/2024\/02\/cropped-logo-bEIGE-2.png","width":512,"height":512,"caption":"Ch\u00e2teau Pascalette"},"image":{"@id":"https:\/\/chateaupascalette.com\/#\/schema\/logo\/image\/"}}]}},"_links":{"self":[{"href":"https:\/\/chateaupascalette.com\/en\/wp-json\/wp\/v2\/pages\/2471","targetHints":{"allow":["GET"]}}],"collection":[{"href":"https:\/\/chateaupascalette.com\/en\/wp-json\/wp\/v2\/pages"}],"about":[{"href":"https:\/\/chateaupascalette.com\/en\/wp-json\/wp\/v2\/types\/page"}],"author":[{"embeddable":true,"href":"https:\/\/chateaupascalette.com\/en\/wp-json\/wp\/v2\/users\/1"}],"replies":[{"embeddable":true,"href":"https:\/\/chateaupascalette.com\/en\/wp-json\/wp\/v2\/comments?post=2471"}],"version-history":[{"count":10,"href":"https:\/\/chateaupascalette.com\/en\/wp-json\/wp\/v2\/pages\/2471\/revisions"}],"predecessor-version":[{"id":4408,"href":"https:\/\/chateaupascalette.com\/en\/wp-json\/wp\/v2\/pages\/2471\/revisions\/4408"}],"wp:featuredmedia":[{"embeddable":true,"href":"https:\/\/chateaupascalette.com\/en\/wp-json\/wp\/v2\/media\/2170"}],"wp:attachment":[{"href":"https:\/\/chateaupascalette.com\/en\/wp-json\/wp\/v2\/media?parent=2471"}],"curies":[{"name":"wp","href":"https:\/\/api.w.org\/{rel}","templated":true}]}}