{"id":2495,"date":"2024-05-12T16:29:53","date_gmt":"2024-05-12T14:29:53","guid":{"rendered":"https:\/\/chateaupascalette.com\/schiff\/"},"modified":"2024-07-13T12:18:58","modified_gmt":"2024-07-13T10:18:58","slug":"schiff","status":"publish","type":"page","link":"https:\/\/chateaupascalette.com\/de\/schiff\/","title":{"rendered":"Boot"},"content":{"rendered":"\t\t<div data-elementor-type=\"wp-page\" data-elementor-id=\"2495\" class=\"elementor elementor-2495 elementor-930\" data-elementor-post-type=\"page\">\n\t\t\t\t<div class=\"elementor-element elementor-element-907fb92 e-con-full e-flex e-con e-parent\" data-id=\"907fb92\" data-element_type=\"container\" data-settings=\"{&quot;background_background&quot;:&quot;classic&quot;}\">\n\t\t\t\t<div class=\"elementor-element elementor-element-e644ca5 elementor-widget elementor-widget-heading\" data-id=\"e644ca5\" data-element_type=\"widget\" data-widget_type=\"heading.default\">\n\t\t\t\t<div class=\"elementor-widget-container\">\n\t\t\t\t\t<h2 class=\"elementor-heading-title elementor-size-default\">Bootsausfl\u00fcge<\/h2>\t\t\t\t<\/div>\n\t\t\t\t<\/div>\n\t\t\t\t<\/div>\n\t\t\t\t<section class=\"elementor-section elementor-top-section elementor-element elementor-element-301cfcc elementor-reverse-mobile elementor-section-boxed elementor-section-height-default elementor-section-height-default\" data-id=\"301cfcc\" data-element_type=\"section\" data-settings=\"{&quot;background_background&quot;:&quot;classic&quot;}\">\n\t\t\t\t\t\t<div class=\"elementor-container elementor-column-gap-no\">\n\t\t\t\t\t<div class=\"elementor-column elementor-col-50 elementor-top-column elementor-element elementor-element-099c73a\" data-id=\"099c73a\" data-element_type=\"column\">\n\t\t\t<div class=\"elementor-widget-wrap elementor-element-populated\">\n\t\t\t\t\t\t<div class=\"elementor-element elementor-element-3251e86 elementor-widget elementor-widget-text-editor\" data-id=\"3251e86\" data-element_type=\"widget\" data-widget_type=\"text-editor.default\">\n\t\t\t\t<div class=\"elementor-widget-container\">\n\t\t\t\t\t\t\t\t\t<p>Entdecken Sie ein unvergessliches maritimes Erlebnis mit Ch\u00e2teau Pascalette! Wir laden Sie zu Catana-Katamaranausfl\u00fcgen ein, die eine perfekte Kombination aus Komfort und Leistung bieten. Ob Sie sich f\u00fcr einen halben oder einen ganzen Tag entscheiden, unsere Ausfl\u00fcge sind darauf ausgelegt, Ihnen Momente der Entspannung und des Staunens zu bieten.<\/p>\n<p>Unser Katamaran ist speziell f\u00fcr kleine Gruppen mit maximal 8 Personen ausgestattet und sorgt f\u00fcr eine freundliche und exklusive Atmosph\u00e4re. Sie k\u00f6nnen die Ruhe des Meeres in v\u00f6lliger Privatsph\u00e4re genie\u00dfen, weit weg vom Trubel gro\u00dfer Gruppen.<\/p>\n<p>Um Ihr Erlebnis noch angenehmer zu gestalten, bieten wir Ihnen die M\u00f6glichkeit, Ihr eigenes Picknick an Bord mitzubringen, sodass Sie eine k\u00f6stliche Mahlzeit genie\u00dfen und dabei die spektakul\u00e4re Meereslandschaft genie\u00dfen k\u00f6nnen.<\/p>\n<p>Preise und Verf\u00fcgbarkeit sind auf Anfrage erh\u00e4ltlich, da wir bestrebt sind, jedes Erlebnis auf der Grundlage Ihrer Bed\u00fcrfnisse und Vorlieben zu personalisieren. Kontaktieren Sie uns noch heute, um Ihren maritimen Urlaub bei Ch\u00e2teau Pascalette zu buchen und lassen Sie sich an Bord unseres Katamarans von der Sch\u00f6nheit der K\u00fcste verzaubern.<\/p>\n\t\t\t\t\t\t\t\t<\/div>\n\t\t\t\t<\/div>\n\t\t\t\t<div class=\"elementor-element elementor-element-801d697 elementor-align-left elementor-mobile-align-center elementor-widget elementor-widget-button\" data-id=\"801d697\" data-element_type=\"widget\" data-widget_type=\"button.default\">\n\t\t\t\t<div class=\"elementor-widget-container\">\n\t\t\t\t\t\t\t\t\t<div class=\"elementor-button-wrapper\">\n\t\t\t\t\t<a class=\"elementor-button elementor-button-link elementor-size-sm\" href=\"https:\/\/chateaupascalette.com\/de\/kontakt\/\">\n\t\t\t\t\t\t<span class=\"elementor-button-content-wrapper\">\n\t\t\t\t\t\t\t\t\t<span class=\"elementor-button-text\">Reservierung auf Anfrage<\/span>\n\t\t\t\t\t<\/span>\n\t\t\t\t\t<\/a>\n\t\t\t\t<\/div>\n\t\t\t\t\t\t\t\t<\/div>\n\t\t\t\t<\/div>\n\t\t\t\t\t<\/div>\n\t\t<\/div>\n\t\t\t\t<div class=\"elementor-column elementor-col-50 elementor-top-column elementor-element elementor-element-96d2551\" data-id=\"96d2551\" data-element_type=\"column\">\n\t\t\t<div class=\"elementor-widget-wrap elementor-element-populated\">\n\t\t\t\t\t\t<div class=\"elementor-element elementor-element-05901d3 elementor-widget elementor-widget-image\" data-id=\"05901d3\" data-element_type=\"widget\" data-widget_type=\"image.default\">\n\t\t\t\t<div class=\"elementor-widget-container\">\n\t\t\t\t\t\t\t\t\t\t\t\t\t\t\t<img fetchpriority=\"high\" decoding=\"async\" width=\"800\" height=\"533\" src=\"https:\/\/chateaupascalette.com\/wp-content\/uploads\/2024\/05\/image00006.jpg\" class=\"attachment-large size-large wp-image-2207\" alt=\"\" srcset=\"https:\/\/chateaupascalette.com\/wp-content\/uploads\/2024\/05\/image00006.jpg 1000w, https:\/\/chateaupascalette.com\/wp-content\/uploads\/2024\/05\/image00006-300x200.jpg 300w, https:\/\/chateaupascalette.com\/wp-content\/uploads\/2024\/05\/image00006-768x511.jpg 768w\" sizes=\"(max-width: 800px) 100vw, 800px\" \/>\t\t\t\t\t\t\t\t\t\t\t\t\t\t\t<\/div>\n\t\t\t\t<\/div>\n\t\t\t\t<div class=\"elementor-element elementor-element-556a705 elementor-arrows-position-inside elementor-pagination-position-outside elementor-widget elementor-widget-image-carousel\" data-id=\"556a705\" data-element_type=\"widget\" data-settings=\"{&quot;slides_to_show&quot;:&quot;3&quot;,&quot;autoplay_speed&quot;:4882,&quot;navigation&quot;:&quot;both&quot;,&quot;autoplay&quot;:&quot;yes&quot;,&quot;pause_on_hover&quot;:&quot;yes&quot;,&quot;pause_on_interaction&quot;:&quot;yes&quot;,&quot;infinite&quot;:&quot;yes&quot;,&quot;speed&quot;:500}\" data-widget_type=\"image-carousel.default\">\n\t\t\t\t<div class=\"elementor-widget-container\">\n\t\t\t\t\t\t\t<div class=\"elementor-image-carousel-wrapper swiper\" role=\"region\" aria-roledescription=\"carousel\" aria-label=\"Bild Karussell\" dir=\"ltr\">\n\t\t\t<div class=\"elementor-image-carousel swiper-wrapper swiper-image-stretch\" aria-live=\"off\">\n\t\t\t\t\t\t\t\t<div class=\"swiper-slide\" role=\"group\" aria-roledescription=\"slide\" aria-label=\"1 von 5\"><a data-elementor-open-lightbox=\"yes\" data-elementor-lightbox-slideshow=\"556a705\" data-elementor-lightbox-title=\"WhatsApp Image 2024-06-27 at 13.41.26\" data-e-action-hash=\"#elementor-action%3Aaction%3Dlightbox%26settings%3DeyJpZCI6MjQxOSwidXJsIjoiaHR0cHM6XC9cL2NoYXRlYXVwYXNjYWxldHRlLmNvbVwvd3AtY29udGVudFwvdXBsb2Fkc1wvMjAyNFwvMDZcL1doYXRzQXBwLUltYWdlLTIwMjQtMDYtMjctYXQtMTMuNDEuMjYuanBlZyIsInNsaWRlc2hvdyI6IjU1NmE3MDUifQ%3D%3D\" href=\"https:\/\/chateaupascalette.com\/wp-content\/uploads\/2024\/06\/WhatsApp-Image-2024-06-27-at-13.41.26.jpeg\"><figure class=\"swiper-slide-inner\"><img decoding=\"async\" class=\"swiper-slide-image\" src=\"https:\/\/chateaupascalette.com\/wp-content\/uploads\/2024\/06\/WhatsApp-Image-2024-06-27-at-13.41.26.jpeg\" alt=\"WhatsApp Image 2024-06-27 at 13.41.26\" \/><\/figure><\/a><\/div><div class=\"swiper-slide\" role=\"group\" aria-roledescription=\"slide\" aria-label=\"2 von 5\"><a data-elementor-open-lightbox=\"yes\" data-elementor-lightbox-slideshow=\"556a705\" data-elementor-lightbox-title=\"WhatsApp Image 2024-06-27 at 13.41.27\" data-e-action-hash=\"#elementor-action%3Aaction%3Dlightbox%26settings%3DeyJpZCI6MjQyMSwidXJsIjoiaHR0cHM6XC9cL2NoYXRlYXVwYXNjYWxldHRlLmNvbVwvd3AtY29udGVudFwvdXBsb2Fkc1wvMjAyNFwvMDZcL1doYXRzQXBwLUltYWdlLTIwMjQtMDYtMjctYXQtMTMuNDEuMjcuanBlZyIsInNsaWRlc2hvdyI6IjU1NmE3MDUifQ%3D%3D\" href=\"https:\/\/chateaupascalette.com\/wp-content\/uploads\/2024\/06\/WhatsApp-Image-2024-06-27-at-13.41.27.jpeg\"><figure class=\"swiper-slide-inner\"><img decoding=\"async\" class=\"swiper-slide-image\" src=\"https:\/\/chateaupascalette.com\/wp-content\/uploads\/2024\/06\/WhatsApp-Image-2024-06-27-at-13.41.27.jpeg\" alt=\"WhatsApp Image 2024-06-27 at 13.41.27\" \/><\/figure><\/a><\/div><div class=\"swiper-slide\" role=\"group\" aria-roledescription=\"slide\" aria-label=\"3 von 5\"><a data-elementor-open-lightbox=\"yes\" data-elementor-lightbox-slideshow=\"556a705\" data-elementor-lightbox-title=\"WhatsApp Image 2024-06-27 at 13.41.30 (1)\" data-e-action-hash=\"#elementor-action%3Aaction%3Dlightbox%26settings%3DeyJpZCI6MjQyMywidXJsIjoiaHR0cHM6XC9cL2NoYXRlYXVwYXNjYWxldHRlLmNvbVwvd3AtY29udGVudFwvdXBsb2Fkc1wvMjAyNFwvMDZcL1doYXRzQXBwLUltYWdlLTIwMjQtMDYtMjctYXQtMTMuNDEuMzAtMS5qcGVnIiwic2xpZGVzaG93IjoiNTU2YTcwNSJ9\" href=\"https:\/\/chateaupascalette.com\/wp-content\/uploads\/2024\/06\/WhatsApp-Image-2024-06-27-at-13.41.30-1.jpeg\"><figure class=\"swiper-slide-inner\"><img decoding=\"async\" class=\"swiper-slide-image\" src=\"https:\/\/chateaupascalette.com\/wp-content\/uploads\/2024\/06\/WhatsApp-Image-2024-06-27-at-13.41.30-1.jpeg\" alt=\"WhatsApp Image 2024-06-27 at 13.41.30 (1)\" \/><\/figure><\/a><\/div><div class=\"swiper-slide\" role=\"group\" aria-roledescription=\"slide\" aria-label=\"4 von 5\"><a data-elementor-open-lightbox=\"yes\" data-elementor-lightbox-slideshow=\"556a705\" data-elementor-lightbox-title=\"WhatsApp Image 2024-06-27 at 13.41.30\" data-e-action-hash=\"#elementor-action%3Aaction%3Dlightbox%26settings%3DeyJpZCI6MjQyNSwidXJsIjoiaHR0cHM6XC9cL2NoYXRlYXVwYXNjYWxldHRlLmNvbVwvd3AtY29udGVudFwvdXBsb2Fkc1wvMjAyNFwvMDZcL1doYXRzQXBwLUltYWdlLTIwMjQtMDYtMjctYXQtMTMuNDEuMzAuanBlZyIsInNsaWRlc2hvdyI6IjU1NmE3MDUifQ%3D%3D\" href=\"https:\/\/chateaupascalette.com\/wp-content\/uploads\/2024\/06\/WhatsApp-Image-2024-06-27-at-13.41.30.jpeg\"><figure class=\"swiper-slide-inner\"><img decoding=\"async\" class=\"swiper-slide-image\" src=\"https:\/\/chateaupascalette.com\/wp-content\/uploads\/2024\/06\/WhatsApp-Image-2024-06-27-at-13.41.30.jpeg\" alt=\"WhatsApp Image 2024-06-27 at 13.41.30\" \/><\/figure><\/a><\/div><div class=\"swiper-slide\" role=\"group\" aria-roledescription=\"slide\" aria-label=\"5 von 5\"><a data-elementor-open-lightbox=\"yes\" data-elementor-lightbox-slideshow=\"556a705\" data-elementor-lightbox-title=\"WhatsApp Image 2024-06-27 at 13.41.31\" data-e-action-hash=\"#elementor-action%3Aaction%3Dlightbox%26settings%3DeyJpZCI6MjQyNywidXJsIjoiaHR0cHM6XC9cL2NoYXRlYXVwYXNjYWxldHRlLmNvbVwvd3AtY29udGVudFwvdXBsb2Fkc1wvMjAyNFwvMDZcL1doYXRzQXBwLUltYWdlLTIwMjQtMDYtMjctYXQtMTMuNDEuMzEuanBlZyIsInNsaWRlc2hvdyI6IjU1NmE3MDUifQ%3D%3D\" href=\"https:\/\/chateaupascalette.com\/wp-content\/uploads\/2024\/06\/WhatsApp-Image-2024-06-27-at-13.41.31.jpeg\"><figure class=\"swiper-slide-inner\"><img decoding=\"async\" class=\"swiper-slide-image\" src=\"https:\/\/chateaupascalette.com\/wp-content\/uploads\/2024\/06\/WhatsApp-Image-2024-06-27-at-13.41.31.jpeg\" alt=\"WhatsApp Image 2024-06-27 at 13.41.31\" \/><\/figure><\/a><\/div>\t\t\t<\/div>\n\t\t\t\t\t\t\t\t\t\t\t\t<div class=\"elementor-swiper-button elementor-swiper-button-prev\" role=\"button\" tabindex=\"0\">\n\t\t\t\t\t\t<svg aria-hidden=\"true\" class=\"e-font-icon-svg e-eicon-chevron-left\" viewBox=\"0 0 1000 1000\" xmlns=\"http:\/\/www.w3.org\/2000\/svg\"><path d=\"M646 125C629 125 613 133 604 142L308 442C296 454 292 471 292 487 292 504 296 521 308 533L604 854C617 867 629 875 646 875 663 875 679 871 692 858 704 846 713 829 713 812 713 796 708 779 692 767L438 487 692 225C700 217 708 204 708 187 708 171 704 154 692 142 675 129 663 125 646 125Z\"><\/path><\/svg>\t\t\t\t\t<\/div>\n\t\t\t\t\t<div class=\"elementor-swiper-button elementor-swiper-button-next\" role=\"button\" tabindex=\"0\">\n\t\t\t\t\t\t<svg aria-hidden=\"true\" class=\"e-font-icon-svg e-eicon-chevron-right\" viewBox=\"0 0 1000 1000\" xmlns=\"http:\/\/www.w3.org\/2000\/svg\"><path d=\"M696 533C708 521 713 504 713 487 713 471 708 454 696 446L400 146C388 133 375 125 354 125 338 125 325 129 313 142 300 154 292 171 292 187 292 204 296 221 308 233L563 492 304 771C292 783 288 800 288 817 288 833 296 850 308 863 321 871 338 875 354 875 371 875 388 867 400 854L696 533Z\"><\/path><\/svg>\t\t\t\t\t<\/div>\n\t\t\t\t\n\t\t\t\t\t\t\t\t\t<div class=\"swiper-pagination\"><\/div>\n\t\t\t\t\t\t\t\t\t<\/div>\n\t\t\t\t\t\t<\/div>\n\t\t\t\t<\/div>\n\t\t\t\t\t<\/div>\n\t\t<\/div>\n\t\t\t\t\t<\/div>\n\t\t<\/section>\n\t\t\t\t<\/div>\n\t\t","protected":false},"excerpt":{"rendered":"<p>Bootsausfl\u00fcge Entdecken Sie ein unvergessliches maritimes Erlebnis mit Ch\u00e2teau Pascalette! Wir laden Sie zu Catana-Katamaranausfl\u00fcgen ein, die eine perfekte Kombination aus Komfort und Leistung bieten. Ob Sie sich f\u00fcr einen halben oder einen ganzen Tag entscheiden, unsere Ausfl\u00fcge sind darauf ausgelegt, Ihnen Momente der Entspannung und des Staunens zu bieten. Unser Katamaran ist speziell f\u00fcr [&hellip;]<\/p>\n","protected":false},"author":1,"featured_media":0,"parent":0,"menu_order":0,"comment_status":"closed","ping_status":"closed","template":"elementor_header_footer","meta":{"footnotes":""},"class_list":["post-2495","page","type-page","status-publish","hentry"],"yoast_head":"<!-- This site is optimized with the Yoast SEO plugin v25.3 - https:\/\/yoast.com\/wordpress\/plugins\/seo\/ -->\n<title>Boot - Ch\u00e2teau Pascalette<\/title>\n<meta name=\"robots\" content=\"index, follow, max-snippet:-1, max-image-preview:large, max-video-preview:-1\" \/>\n<link rel=\"canonical\" href=\"https:\/\/chateaupascalette.com\/de\/schiff\/\" \/>\n<meta property=\"og:locale\" content=\"de_DE\" \/>\n<meta property=\"og:type\" content=\"article\" \/>\n<meta property=\"og:title\" content=\"Boot - Ch\u00e2teau Pascalette\" \/>\n<meta property=\"og:description\" content=\"Bootsausfl\u00fcge Entdecken Sie ein unvergessliches maritimes Erlebnis mit Ch\u00e2teau Pascalette! Wir laden Sie zu Catana-Katamaranausfl\u00fcgen ein, die eine perfekte Kombination aus Komfort und Leistung bieten. Ob Sie sich f\u00fcr einen halben oder einen ganzen Tag entscheiden, unsere Ausfl\u00fcge sind darauf ausgelegt, Ihnen Momente der Entspannung und des Staunens zu bieten. Unser Katamaran ist speziell f\u00fcr [&hellip;]\" \/>\n<meta property=\"og:url\" content=\"https:\/\/chateaupascalette.com\/de\/schiff\/\" \/>\n<meta property=\"og:site_name\" content=\"Ch\u00e2teau Pascalette\" \/>\n<meta property=\"article:modified_time\" content=\"2024-07-13T10:18:58+00:00\" \/>\n<meta property=\"og:image\" content=\"https:\/\/chateaupascalette.com\/wp-content\/uploads\/2024\/05\/image00006.jpg\" \/>\n<meta name=\"twitter:card\" content=\"summary_large_image\" \/>\n<meta name=\"twitter:label1\" content=\"Gesch\u00e4tzte Lesezeit\" \/>\n\t<meta name=\"twitter:data1\" content=\"1\u00a0Minute\" \/>\n<script type=\"application\/ld+json\" class=\"yoast-schema-graph\">{\"@context\":\"https:\/\/schema.org\",\"@graph\":[{\"@type\":\"WebPage\",\"@id\":\"https:\/\/chateaupascalette.com\/de\/schiff\/\",\"url\":\"https:\/\/chateaupascalette.com\/de\/schiff\/\",\"name\":\"Boot - Ch\u00e2teau Pascalette\",\"isPartOf\":{\"@id\":\"https:\/\/chateaupascalette.com\/#website\"},\"primaryImageOfPage\":{\"@id\":\"https:\/\/chateaupascalette.com\/de\/schiff\/#primaryimage\"},\"image\":{\"@id\":\"https:\/\/chateaupascalette.com\/de\/schiff\/#primaryimage\"},\"thumbnailUrl\":\"https:\/\/chateaupascalette.com\/wp-content\/uploads\/2024\/05\/image00006.jpg\",\"datePublished\":\"2024-05-12T14:29:53+00:00\",\"dateModified\":\"2024-07-13T10:18:58+00:00\",\"breadcrumb\":{\"@id\":\"https:\/\/chateaupascalette.com\/de\/schiff\/#breadcrumb\"},\"inLanguage\":\"de\",\"potentialAction\":[{\"@type\":\"ReadAction\",\"target\":[\"https:\/\/chateaupascalette.com\/de\/schiff\/\"]}]},{\"@type\":\"ImageObject\",\"inLanguage\":\"de\",\"@id\":\"https:\/\/chateaupascalette.com\/de\/schiff\/#primaryimage\",\"url\":\"https:\/\/chateaupascalette.com\/wp-content\/uploads\/2024\/05\/image00006.jpg\",\"contentUrl\":\"https:\/\/chateaupascalette.com\/wp-content\/uploads\/2024\/05\/image00006.jpg\"},{\"@type\":\"BreadcrumbList\",\"@id\":\"https:\/\/chateaupascalette.com\/de\/schiff\/#breadcrumb\",\"itemListElement\":[{\"@type\":\"ListItem\",\"position\":1,\"name\":\"Accueil\",\"item\":\"https:\/\/chateaupascalette.com\/\"},{\"@type\":\"ListItem\",\"position\":2,\"name\":\"Boot\"}]},{\"@type\":\"WebSite\",\"@id\":\"https:\/\/chateaupascalette.com\/#website\",\"url\":\"https:\/\/chateaupascalette.com\/\",\"name\":\"Ch\u00e2teau de la Pascalette\",\"description\":\"\",\"publisher\":{\"@id\":\"https:\/\/chateaupascalette.com\/#organization\"},\"potentialAction\":[{\"@type\":\"SearchAction\",\"target\":{\"@type\":\"EntryPoint\",\"urlTemplate\":\"https:\/\/chateaupascalette.com\/?s={search_term_string}\"},\"query-input\":{\"@type\":\"PropertyValueSpecification\",\"valueRequired\":true,\"valueName\":\"search_term_string\"}}],\"inLanguage\":\"de\"},{\"@type\":\"Organization\",\"@id\":\"https:\/\/chateaupascalette.com\/#organization\",\"name\":\"Ch\u00e2teau Pascalette\",\"url\":\"https:\/\/chateaupascalette.com\/\",\"logo\":{\"@type\":\"ImageObject\",\"inLanguage\":\"de\",\"@id\":\"https:\/\/chateaupascalette.com\/#\/schema\/logo\/image\/\",\"url\":\"https:\/\/chateaupascalette.com\/wp-content\/uploads\/2024\/02\/cropped-logo-bEIGE-2.png\",\"contentUrl\":\"https:\/\/chateaupascalette.com\/wp-content\/uploads\/2024\/02\/cropped-logo-bEIGE-2.png\",\"width\":512,\"height\":512,\"caption\":\"Ch\u00e2teau Pascalette\"},\"image\":{\"@id\":\"https:\/\/chateaupascalette.com\/#\/schema\/logo\/image\/\"}}]}<\/script>\n<!-- \/ Yoast SEO plugin. -->","yoast_head_json":{"title":"Boot - Ch\u00e2teau Pascalette","robots":{"index":"index","follow":"follow","max-snippet":"max-snippet:-1","max-image-preview":"max-image-preview:large","max-video-preview":"max-video-preview:-1"},"canonical":"https:\/\/chateaupascalette.com\/de\/schiff\/","og_locale":"de_DE","og_type":"article","og_title":"Boot - Ch\u00e2teau Pascalette","og_description":"Bootsausfl\u00fcge Entdecken Sie ein unvergessliches maritimes Erlebnis mit Ch\u00e2teau Pascalette! Wir laden Sie zu Catana-Katamaranausfl\u00fcgen ein, die eine perfekte Kombination aus Komfort und Leistung bieten. Ob Sie sich f\u00fcr einen halben oder einen ganzen Tag entscheiden, unsere Ausfl\u00fcge sind darauf ausgelegt, Ihnen Momente der Entspannung und des Staunens zu bieten. Unser Katamaran ist speziell f\u00fcr [&hellip;]","og_url":"https:\/\/chateaupascalette.com\/de\/schiff\/","og_site_name":"Ch\u00e2teau Pascalette","article_modified_time":"2024-07-13T10:18:58+00:00","og_image":[{"url":"https:\/\/chateaupascalette.com\/wp-content\/uploads\/2024\/05\/image00006.jpg","type":"","width":"","height":""}],"twitter_card":"summary_large_image","twitter_misc":{"Gesch\u00e4tzte Lesezeit":"1\u00a0Minute"},"schema":{"@context":"https:\/\/schema.org","@graph":[{"@type":"WebPage","@id":"https:\/\/chateaupascalette.com\/de\/schiff\/","url":"https:\/\/chateaupascalette.com\/de\/schiff\/","name":"Boot - Ch\u00e2teau Pascalette","isPartOf":{"@id":"https:\/\/chateaupascalette.com\/#website"},"primaryImageOfPage":{"@id":"https:\/\/chateaupascalette.com\/de\/schiff\/#primaryimage"},"image":{"@id":"https:\/\/chateaupascalette.com\/de\/schiff\/#primaryimage"},"thumbnailUrl":"https:\/\/chateaupascalette.com\/wp-content\/uploads\/2024\/05\/image00006.jpg","datePublished":"2024-05-12T14:29:53+00:00","dateModified":"2024-07-13T10:18:58+00:00","breadcrumb":{"@id":"https:\/\/chateaupascalette.com\/de\/schiff\/#breadcrumb"},"inLanguage":"de","potentialAction":[{"@type":"ReadAction","target":["https:\/\/chateaupascalette.com\/de\/schiff\/"]}]},{"@type":"ImageObject","inLanguage":"de","@id":"https:\/\/chateaupascalette.com\/de\/schiff\/#primaryimage","url":"https:\/\/chateaupascalette.com\/wp-content\/uploads\/2024\/05\/image00006.jpg","contentUrl":"https:\/\/chateaupascalette.com\/wp-content\/uploads\/2024\/05\/image00006.jpg"},{"@type":"BreadcrumbList","@id":"https:\/\/chateaupascalette.com\/de\/schiff\/#breadcrumb","itemListElement":[{"@type":"ListItem","position":1,"name":"Accueil","item":"https:\/\/chateaupascalette.com\/"},{"@type":"ListItem","position":2,"name":"Boot"}]},{"@type":"WebSite","@id":"https:\/\/chateaupascalette.com\/#website","url":"https:\/\/chateaupascalette.com\/","name":"Ch\u00e2teau de la Pascalette","description":"","publisher":{"@id":"https:\/\/chateaupascalette.com\/#organization"},"potentialAction":[{"@type":"SearchAction","target":{"@type":"EntryPoint","urlTemplate":"https:\/\/chateaupascalette.com\/?s={search_term_string}"},"query-input":{"@type":"PropertyValueSpecification","valueRequired":true,"valueName":"search_term_string"}}],"inLanguage":"de"},{"@type":"Organization","@id":"https:\/\/chateaupascalette.com\/#organization","name":"Ch\u00e2teau Pascalette","url":"https:\/\/chateaupascalette.com\/","logo":{"@type":"ImageObject","inLanguage":"de","@id":"https:\/\/chateaupascalette.com\/#\/schema\/logo\/image\/","url":"https:\/\/chateaupascalette.com\/wp-content\/uploads\/2024\/02\/cropped-logo-bEIGE-2.png","contentUrl":"https:\/\/chateaupascalette.com\/wp-content\/uploads\/2024\/02\/cropped-logo-bEIGE-2.png","width":512,"height":512,"caption":"Ch\u00e2teau Pascalette"},"image":{"@id":"https:\/\/chateaupascalette.com\/#\/schema\/logo\/image\/"}}]}},"_links":{"self":[{"href":"https:\/\/chateaupascalette.com\/de\/wp-json\/wp\/v2\/pages\/2495","targetHints":{"allow":["GET"]}}],"collection":[{"href":"https:\/\/chateaupascalette.com\/de\/wp-json\/wp\/v2\/pages"}],"about":[{"href":"https:\/\/chateaupascalette.com\/de\/wp-json\/wp\/v2\/types\/page"}],"author":[{"embeddable":true,"href":"https:\/\/chateaupascalette.com\/de\/wp-json\/wp\/v2\/users\/1"}],"replies":[{"embeddable":true,"href":"https:\/\/chateaupascalette.com\/de\/wp-json\/wp\/v2\/comments?post=2495"}],"version-history":[{"count":2,"href":"https:\/\/chateaupascalette.com\/de\/wp-json\/wp\/v2\/pages\/2495\/revisions"}],"predecessor-version":[{"id":2684,"href":"https:\/\/chateaupascalette.com\/de\/wp-json\/wp\/v2\/pages\/2495\/revisions\/2684"}],"wp:attachment":[{"href":"https:\/\/chateaupascalette.com\/de\/wp-json\/wp\/v2\/media?parent=2495"}],"curies":[{"name":"wp","href":"https:\/\/api.w.org\/{rel}","templated":true}]}}