{"id":2483,"date":"2024-07-06T16:43:06","date_gmt":"2024-07-06T14:43:06","guid":{"rendered":"https:\/\/chateaupascalette.com\/allgemeine-geschaftsbedingungen\/"},"modified":"2024-07-13T12:19:09","modified_gmt":"2024-07-13T10:19:09","slug":"allgemeine-geschaftsbedingungen","status":"publish","type":"page","link":"https:\/\/chateaupascalette.com\/de\/allgemeine-geschaftsbedingungen\/","title":{"rendered":"Allgemeine Verkaufsbedingungen"},"content":{"rendered":"\t\t<div data-elementor-type=\"wp-page\" data-elementor-id=\"2483\" class=\"elementor elementor-2483 elementor-1731\" data-elementor-post-type=\"page\">\n\t\t\t\t<div class=\"elementor-element elementor-element-1d6e2be e-flex e-con-boxed e-con e-parent\" data-id=\"1d6e2be\" data-element_type=\"container\">\n\t\t\t\t\t<div class=\"e-con-inner\">\n\t\t\t\t<div class=\"elementor-element elementor-element-7b7031d elementor-widget elementor-widget-heading\" data-id=\"7b7031d\" data-element_type=\"widget\" data-widget_type=\"heading.default\">\n\t\t\t\t<div class=\"elementor-widget-container\">\n\t\t\t\t\t<h2 class=\"elementor-heading-title elementor-size-default\">Verkaufsbedingungen<\/h2>\t\t\t\t<\/div>\n\t\t\t\t<\/div>\n\t\t\t\t<div class=\"elementor-element elementor-element-17209ed elementor-widget elementor-widget-text-editor\" data-id=\"17209ed\" data-element_type=\"widget\" data-widget_type=\"text-editor.default\">\n\t\t\t\t<div class=\"elementor-widget-container\">\n\t\t\t\t\t\t\t\t\t<p>1.\u2060 \u2060Objekt:<\/p>\n<p>Diese Allgemeinen Verkaufsbedingungen (CGV) regeln den Verkauf von Mietdienstleistungen f\u00fcr Ferienh\u00e4user und G\u00e4stezimmer, die von Ch\u00e2teau Pascalette mit Sitz in La Londe-les-Maures angeboten werden.<\/p>\n<p>2.\u2060 \u2060Identifikation des Verk\u00e4ufers:<\/p>\n<p>Name der Einrichtung: Ch\u00e2teau Pascalette<br \/>Rechtsform: SAS NAW<br \/>Adresse des Hauptsitzes: Departementsstra\u00dfe 559, La Londe-les-Maures<br \/>SIRET-Nummer: 982 225 799 00013<br \/>Innergemeinschaftliche Umsatzsteuer-Identifikationsnummer: 982 225 799 00013<br \/>Telefonnummer: +33(0)4.94.01.28.64<br \/>E-Mail-Adresse: bookingpasscalette@gmail.com<\/p>\n<p>3.\u2060 \u2060Leistungsbeschreibung:<\/p>\n<p>Ch\u00e2teau Pascalette bietet 6 G\u00eetes und 5 G\u00e4stezimmer zur Miete auf einem Weingut. Die Eigenschaften, Ausstattung und Preise der einzelnen G\u00eetes und G\u00e4stezimmer sind auf der Website www.chateaupascallette.com aufgef\u00fchrt<\/p>\n<p>4.\u2060 \u2060Reservierung und Zahlung:<\/p>\n<p>Reservierungen k\u00f6nnen \u00fcber unsere Website www.chateaupascallette@.com, telefonisch oder per E-Mail vorgenommen werden. Eine Ber\u00fccksichtigung erfolgt nur vorbehaltlich der Zustimmung des Eigent\u00fcmers. Die Aktivierung der Reservierung wird mit der R\u00fcckgabe des Mietvertrags zusammen mit der H\u00f6he der Anzahlung (35 %) f\u00fcr den Aufenthalt best\u00e4tigt. Zum Zeitpunkt des Bezugs der R\u00e4umlichkeiten muss der Mieter nach Erstellung einer widerspr\u00fcchlichen Bestandsaufnahme die Zahlung des Betrags abschlie\u00dfen, der dem Gesamtpreis aller Dienstleistungen entspricht. Zahlungen k\u00f6nnen per Kreditkarte, \u00dcberweisung und Bargeld erfolgen.<\/p>\n<p>5.\u2060 \u2060Stornierungsbedingungen:<\/p>\n<p>Im Falle einer Stornierung durch den Kunden gelten folgende Bedingungen:<\/p>\n<p>Mehr als 30 Tage vor dem Ankunftsdatum: Der Eigent\u00fcmer beh\u00e4lt 50 % des Anzahlungsbetrags ein.<br \/>Weniger als 30 Tage vor dem Anreisedatum: Der Eigent\u00fcmer beh\u00e4lt den gesamten Betrag der Anzahlung ein.  <br \/>Bei Nichterscheinen des Kunden kann der Eigent\u00fcmer \u00fcber seine Miete verf\u00fcgen. Es erfolgt keine R\u00fcckerstattung.<br \/>6.\u2060 \u2060An- und Abreise:<\/p>\n<p>Die Anreise erfolgt ab 17:00 Uhr. Die Abreise muss vor 10 Uhr erfolgen. Bei versp\u00e4teter Anreise oder vorzeitiger Abreise informieren Sie uns bitte vorab.<\/p>\n<p>7.\u2060 \u2060Nutzung der R\u00e4umlichkeiten:<\/p>\n<p>Der Kunde verpflichtet sich, die R\u00e4umlichkeiten respektvoll zu respektieren und sie in dem Zustand zur\u00fcckzugeben, in dem er sie vorgefunden hat. Etwaige Sch\u00e4den oder Verluste werden dem Kunden in Rechnung gestellt. In den Ferienh\u00e4usern und G\u00e4stezimmern ist das Rauchen verboten. In einigen unserer Unterk\u00fcnfte sind Haustiere gestattet. Bitte beachten Sie die Bedingungen in den jeweiligen Unterk\u00fcnften und Zimmern.<\/p>\n<p>8.\u2060 \u2060Verantwortung:<\/p>\n<p>Ch\u00e2teau Pascalette lehnt jede Haftung im Falle von Diebstahl, Verlust oder Besch\u00e4digung der pers\u00f6nlichen Gegenst\u00e4nde der Kunden ab. Im Falle h\u00f6herer Gewalt oder \u00e4u\u00dferer Bel\u00e4stigungen kann die Einrichtung nicht haftbar gemacht werden.<\/p>\n<p>9.\u2060 \u2060Geistiges Eigentum:<\/p>\n<p>Alle Elemente der Website www.chateaupascallette.com und der Brosch\u00fcren sind das ausschlie\u00dfliche geistige Eigentum von Ch\u00e2teau Pascalette. Jede Vervielf\u00e4ltigung, auch auszugsweise, ist ohne vorherige Genehmigung untersagt.<\/p>\n<p>10.\u2060 \u2060Schutz personenbezogener Daten:<\/p>\n<p>Die w\u00e4hrend der Reservierung gesammelten Informationen unterliegen einer computergest\u00fctzten Verarbeitung zur Kundenverwaltung. Gem\u00e4\u00df den geltenden Vorschriften hat der Kunde das Recht auf Auskunft, Berichtigung und L\u00f6schung der ihn betreffenden personenbezogenen Daten. Um dieses Recht auszu\u00fcben, kann sich der Kunde an chateaupascallette@gmail.com wenden<\/p>\n<p>11.\u2060 \u2060Anwendbares Recht und Streitigkeiten:<\/p>\n<p>Diese Allgemeinen Gesch\u00e4ftsbedingungen unterliegen franz\u00f6sischem Recht. Im Streitfall wird zun\u00e4chst eine g\u00fctliche L\u00f6sung angestrebt, bevor gerichtliche Schritte eingeleitet werden. Kommt keine g\u00fctliche Einigung zustande, wird die Streitigkeit vor den zust\u00e4ndigen Gerichten in Toulon verhandelt.<\/p>\n\t\t\t\t\t\t\t\t<\/div>\n\t\t\t\t<\/div>\n\t\t\t\t\t<\/div>\n\t\t\t\t<\/div>\n\t\t\t\t<\/div>\n\t\t","protected":false},"excerpt":{"rendered":"<p>Verkaufsbedingungen 1.\u2060 \u2060Objekt: Diese Allgemeinen Verkaufsbedingungen (CGV) regeln den Verkauf von Mietdienstleistungen f\u00fcr Ferienh\u00e4user und G\u00e4stezimmer, die von Ch\u00e2teau Pascalette mit Sitz in La Londe-les-Maures angeboten werden. 2.\u2060 \u2060Identifikation des Verk\u00e4ufers: Name der Einrichtung: Ch\u00e2teau PascaletteRechtsform: SAS NAWAdresse des Hauptsitzes: Departementsstra\u00dfe 559, La Londe-les-MauresSIRET-Nummer: 982 225 799 00013Innergemeinschaftliche Umsatzsteuer-Identifikationsnummer: 982 225 799 00013Telefonnummer: +33(0)4.94.01.28.64E-Mail-Adresse: bookingpasscalette@gmail.com [&hellip;]<\/p>\n","protected":false},"author":1,"featured_media":0,"parent":0,"menu_order":0,"comment_status":"closed","ping_status":"closed","template":"elementor_header_footer","meta":{"footnotes":""},"class_list":["post-2483","page","type-page","status-publish","hentry"],"yoast_head":"<!-- This site is optimized with the Yoast SEO plugin v25.3 - https:\/\/yoast.com\/wordpress\/plugins\/seo\/ -->\n<title>Allgemeine Verkaufsbedingungen - Ch\u00e2teau Pascalette<\/title>\n<meta name=\"robots\" content=\"index, follow, max-snippet:-1, max-image-preview:large, max-video-preview:-1\" \/>\n<link rel=\"canonical\" href=\"https:\/\/chateaupascalette.com\/de\/allgemeine-geschaftsbedingungen\/\" \/>\n<meta property=\"og:locale\" content=\"de_DE\" \/>\n<meta property=\"og:type\" content=\"article\" \/>\n<meta property=\"og:title\" content=\"Allgemeine Verkaufsbedingungen - Ch\u00e2teau Pascalette\" \/>\n<meta property=\"og:description\" content=\"Verkaufsbedingungen 1.\u2060 \u2060Objekt: Diese Allgemeinen Verkaufsbedingungen (CGV) regeln den Verkauf von Mietdienstleistungen f\u00fcr Ferienh\u00e4user und G\u00e4stezimmer, die von Ch\u00e2teau Pascalette mit Sitz in La Londe-les-Maures angeboten werden. 2.\u2060 \u2060Identifikation des Verk\u00e4ufers: Name der Einrichtung: Ch\u00e2teau PascaletteRechtsform: SAS NAWAdresse des Hauptsitzes: Departementsstra\u00dfe 559, La Londe-les-MauresSIRET-Nummer: 982 225 799 00013Innergemeinschaftliche Umsatzsteuer-Identifikationsnummer: 982 225 799 00013Telefonnummer: +33(0)4.94.01.28.64E-Mail-Adresse: bookingpasscalette@gmail.com [&hellip;]\" \/>\n<meta property=\"og:url\" content=\"https:\/\/chateaupascalette.com\/de\/allgemeine-geschaftsbedingungen\/\" \/>\n<meta property=\"og:site_name\" content=\"Ch\u00e2teau Pascalette\" \/>\n<meta property=\"article:modified_time\" content=\"2024-07-13T10:19:09+00:00\" \/>\n<meta name=\"twitter:card\" content=\"summary_large_image\" \/>\n<meta name=\"twitter:label1\" content=\"Gesch\u00e4tzte Lesezeit\" \/>\n\t<meta name=\"twitter:data1\" content=\"3\u00a0Minuten\" \/>\n<script type=\"application\/ld+json\" class=\"yoast-schema-graph\">{\"@context\":\"https:\/\/schema.org\",\"@graph\":[{\"@type\":\"WebPage\",\"@id\":\"https:\/\/chateaupascalette.com\/de\/allgemeine-geschaftsbedingungen\/\",\"url\":\"https:\/\/chateaupascalette.com\/de\/allgemeine-geschaftsbedingungen\/\",\"name\":\"Allgemeine Verkaufsbedingungen - Ch\u00e2teau Pascalette\",\"isPartOf\":{\"@id\":\"https:\/\/chateaupascalette.com\/#website\"},\"datePublished\":\"2024-07-06T14:43:06+00:00\",\"dateModified\":\"2024-07-13T10:19:09+00:00\",\"breadcrumb\":{\"@id\":\"https:\/\/chateaupascalette.com\/de\/allgemeine-geschaftsbedingungen\/#breadcrumb\"},\"inLanguage\":\"de\",\"potentialAction\":[{\"@type\":\"ReadAction\",\"target\":[\"https:\/\/chateaupascalette.com\/de\/allgemeine-geschaftsbedingungen\/\"]}]},{\"@type\":\"BreadcrumbList\",\"@id\":\"https:\/\/chateaupascalette.com\/de\/allgemeine-geschaftsbedingungen\/#breadcrumb\",\"itemListElement\":[{\"@type\":\"ListItem\",\"position\":1,\"name\":\"Accueil\",\"item\":\"https:\/\/chateaupascalette.com\/\"},{\"@type\":\"ListItem\",\"position\":2,\"name\":\"Allgemeine Verkaufsbedingungen\"}]},{\"@type\":\"WebSite\",\"@id\":\"https:\/\/chateaupascalette.com\/#website\",\"url\":\"https:\/\/chateaupascalette.com\/\",\"name\":\"Ch\u00e2teau de la Pascalette\",\"description\":\"\",\"publisher\":{\"@id\":\"https:\/\/chateaupascalette.com\/#organization\"},\"potentialAction\":[{\"@type\":\"SearchAction\",\"target\":{\"@type\":\"EntryPoint\",\"urlTemplate\":\"https:\/\/chateaupascalette.com\/?s={search_term_string}\"},\"query-input\":{\"@type\":\"PropertyValueSpecification\",\"valueRequired\":true,\"valueName\":\"search_term_string\"}}],\"inLanguage\":\"de\"},{\"@type\":\"Organization\",\"@id\":\"https:\/\/chateaupascalette.com\/#organization\",\"name\":\"Ch\u00e2teau Pascalette\",\"url\":\"https:\/\/chateaupascalette.com\/\",\"logo\":{\"@type\":\"ImageObject\",\"inLanguage\":\"de\",\"@id\":\"https:\/\/chateaupascalette.com\/#\/schema\/logo\/image\/\",\"url\":\"https:\/\/chateaupascalette.com\/wp-content\/uploads\/2024\/02\/cropped-logo-bEIGE-2.png\",\"contentUrl\":\"https:\/\/chateaupascalette.com\/wp-content\/uploads\/2024\/02\/cropped-logo-bEIGE-2.png\",\"width\":512,\"height\":512,\"caption\":\"Ch\u00e2teau Pascalette\"},\"image\":{\"@id\":\"https:\/\/chateaupascalette.com\/#\/schema\/logo\/image\/\"}}]}<\/script>\n<!-- \/ Yoast SEO plugin. -->","yoast_head_json":{"title":"Allgemeine Verkaufsbedingungen - Ch\u00e2teau Pascalette","robots":{"index":"index","follow":"follow","max-snippet":"max-snippet:-1","max-image-preview":"max-image-preview:large","max-video-preview":"max-video-preview:-1"},"canonical":"https:\/\/chateaupascalette.com\/de\/allgemeine-geschaftsbedingungen\/","og_locale":"de_DE","og_type":"article","og_title":"Allgemeine Verkaufsbedingungen - Ch\u00e2teau Pascalette","og_description":"Verkaufsbedingungen 1.\u2060 \u2060Objekt: Diese Allgemeinen Verkaufsbedingungen (CGV) regeln den Verkauf von Mietdienstleistungen f\u00fcr Ferienh\u00e4user und G\u00e4stezimmer, die von Ch\u00e2teau Pascalette mit Sitz in La Londe-les-Maures angeboten werden. 2.\u2060 \u2060Identifikation des Verk\u00e4ufers: Name der Einrichtung: Ch\u00e2teau PascaletteRechtsform: SAS NAWAdresse des Hauptsitzes: Departementsstra\u00dfe 559, La Londe-les-MauresSIRET-Nummer: 982 225 799 00013Innergemeinschaftliche Umsatzsteuer-Identifikationsnummer: 982 225 799 00013Telefonnummer: +33(0)4.94.01.28.64E-Mail-Adresse: bookingpasscalette@gmail.com [&hellip;]","og_url":"https:\/\/chateaupascalette.com\/de\/allgemeine-geschaftsbedingungen\/","og_site_name":"Ch\u00e2teau Pascalette","article_modified_time":"2024-07-13T10:19:09+00:00","twitter_card":"summary_large_image","twitter_misc":{"Gesch\u00e4tzte Lesezeit":"3\u00a0Minuten"},"schema":{"@context":"https:\/\/schema.org","@graph":[{"@type":"WebPage","@id":"https:\/\/chateaupascalette.com\/de\/allgemeine-geschaftsbedingungen\/","url":"https:\/\/chateaupascalette.com\/de\/allgemeine-geschaftsbedingungen\/","name":"Allgemeine Verkaufsbedingungen - Ch\u00e2teau Pascalette","isPartOf":{"@id":"https:\/\/chateaupascalette.com\/#website"},"datePublished":"2024-07-06T14:43:06+00:00","dateModified":"2024-07-13T10:19:09+00:00","breadcrumb":{"@id":"https:\/\/chateaupascalette.com\/de\/allgemeine-geschaftsbedingungen\/#breadcrumb"},"inLanguage":"de","potentialAction":[{"@type":"ReadAction","target":["https:\/\/chateaupascalette.com\/de\/allgemeine-geschaftsbedingungen\/"]}]},{"@type":"BreadcrumbList","@id":"https:\/\/chateaupascalette.com\/de\/allgemeine-geschaftsbedingungen\/#breadcrumb","itemListElement":[{"@type":"ListItem","position":1,"name":"Accueil","item":"https:\/\/chateaupascalette.com\/"},{"@type":"ListItem","position":2,"name":"Allgemeine Verkaufsbedingungen"}]},{"@type":"WebSite","@id":"https:\/\/chateaupascalette.com\/#website","url":"https:\/\/chateaupascalette.com\/","name":"Ch\u00e2teau de la Pascalette","description":"","publisher":{"@id":"https:\/\/chateaupascalette.com\/#organization"},"potentialAction":[{"@type":"SearchAction","target":{"@type":"EntryPoint","urlTemplate":"https:\/\/chateaupascalette.com\/?s={search_term_string}"},"query-input":{"@type":"PropertyValueSpecification","valueRequired":true,"valueName":"search_term_string"}}],"inLanguage":"de"},{"@type":"Organization","@id":"https:\/\/chateaupascalette.com\/#organization","name":"Ch\u00e2teau Pascalette","url":"https:\/\/chateaupascalette.com\/","logo":{"@type":"ImageObject","inLanguage":"de","@id":"https:\/\/chateaupascalette.com\/#\/schema\/logo\/image\/","url":"https:\/\/chateaupascalette.com\/wp-content\/uploads\/2024\/02\/cropped-logo-bEIGE-2.png","contentUrl":"https:\/\/chateaupascalette.com\/wp-content\/uploads\/2024\/02\/cropped-logo-bEIGE-2.png","width":512,"height":512,"caption":"Ch\u00e2teau Pascalette"},"image":{"@id":"https:\/\/chateaupascalette.com\/#\/schema\/logo\/image\/"}}]}},"_links":{"self":[{"href":"https:\/\/chateaupascalette.com\/de\/wp-json\/wp\/v2\/pages\/2483","targetHints":{"allow":["GET"]}}],"collection":[{"href":"https:\/\/chateaupascalette.com\/de\/wp-json\/wp\/v2\/pages"}],"about":[{"href":"https:\/\/chateaupascalette.com\/de\/wp-json\/wp\/v2\/types\/page"}],"author":[{"embeddable":true,"href":"https:\/\/chateaupascalette.com\/de\/wp-json\/wp\/v2\/users\/1"}],"replies":[{"embeddable":true,"href":"https:\/\/chateaupascalette.com\/de\/wp-json\/wp\/v2\/comments?post=2483"}],"version-history":[{"count":2,"href":"https:\/\/chateaupascalette.com\/de\/wp-json\/wp\/v2\/pages\/2483\/revisions"}],"predecessor-version":[{"id":2705,"href":"https:\/\/chateaupascalette.com\/de\/wp-json\/wp\/v2\/pages\/2483\/revisions\/2705"}],"wp:attachment":[{"href":"https:\/\/chateaupascalette.com\/de\/wp-json\/wp\/v2\/media?parent=2483"}],"curies":[{"name":"wp","href":"https:\/\/api.w.org\/{rel}","templated":true}]}}