{"id":2476,"date":"2024-07-06T15:45:58","date_gmt":"2024-07-06T13:45:58","guid":{"rendered":"https:\/\/chateaupascalette.com\/rechtliche-hinweise\/"},"modified":"2024-07-13T12:19:08","modified_gmt":"2024-07-13T10:19:08","slug":"rechtliche-hinweise","status":"publish","type":"page","link":"https:\/\/chateaupascalette.com\/de\/rechtliche-hinweise\/","title":{"rendered":"Impressum"},"content":{"rendered":"\t\t<div data-elementor-type=\"wp-page\" data-elementor-id=\"2476\" class=\"elementor elementor-2476 elementor-1727\" data-elementor-post-type=\"page\">\n\t\t\t\t<div class=\"elementor-element elementor-element-8bfba6a e-flex e-con-boxed e-con e-parent\" data-id=\"8bfba6a\" data-element_type=\"container\">\n\t\t\t\t\t<div class=\"e-con-inner\">\n\t\t\t\t<div class=\"elementor-element elementor-element-338511e elementor-widget elementor-widget-heading\" data-id=\"338511e\" data-element_type=\"widget\" data-widget_type=\"heading.default\">\n\t\t\t\t<div class=\"elementor-widget-container\">\n\t\t\t\t\t<h2 class=\"elementor-heading-title elementor-size-default\">Impressum<\/h2>\t\t\t\t<\/div>\n\t\t\t\t<\/div>\n\t\t\t\t<div class=\"elementor-element elementor-element-2342019 elementor-widget elementor-widget-text-editor\" data-id=\"2342019\" data-element_type=\"widget\" data-widget_type=\"text-editor.default\">\n\t\t\t\t<div class=\"elementor-widget-container\">\n\t\t\t\t\t\t\t\t\t<p>1.\u2060 \u2060Site-Editor:<\/p>\n<p>Firmenname: Chateau Pascalette<br \/>Rechtsform: SAS NAW<br \/>Anschrift des Hauptsitzes: Departementsstra\u00dfe 559<br \/>Telefonnummer: +33(0)4.94.01.28.64<br \/>E-Mail-Adresse: bookingpasscalette@gmail.com<br \/>SIRET-Nummer: 982 225 799 00013<br \/>Innergemeinschaftliche Umsatzsteuer-Identifikationsnummer: FR60982225799<\/p>\n<p>2.\u2060 \u2060Publikationsleiter:<\/p>\n<p>Name: Isabelle<br \/>Position: Sekret\u00e4rin<\/p>\n<p>3.\u2060 \u2060Site-Host:<\/p>\n<p>Hostname: Hostinger<br \/>Adresse: 61 Lordou Vironos Street, 6023 Larnaca, Zypern<\/p>\n<p>4.\u2060 \u2060Geistiges Eigentum:<\/p>\n<p>Alle auf dieser Website vorhandenen Inhalte (Texte, Bilder, Videos etc.) sind urheberrechtlich gesch\u00fctzt. Jegliche Vervielf\u00e4ltigung ist ohne vorherige Genehmigung verboten.<\/p>\n<p>5.\u2060 \u2060Schutz personenbezogener Daten:<\/p>\n<p>Gem\u00e4\u00df den Vorschriften zum Schutz personenbezogener Daten, insbesondere der Datenschutz-Grundverordnung (DSGVO), haben Sie das Recht auf Auskunft, Berichtigung und L\u00f6schung der Sie betreffenden Daten. Sie k\u00f6nnen diese Rechte aus\u00fcben, indem Sie uns unter der folgenden E-Mail-Adresse kontaktieren: chateaupascallette@gmail.com<\/p>\n<p>6.\u2060 \u2060Cookies:<\/p>\n<p>Diese Website verwendet Cookies, um die Benutzererfahrung zu verbessern. Durch das Surfen auf dieser Website akzeptieren Sie die Verwendung von Cookies.<\/p>\n<p>7.\u2060 \u2060Haftungsbeschr\u00e4nkung:<\/p>\n<p>Die auf dieser Website enthaltenen Informationen sind so genau wie m\u00f6glich und die Website wird regelm\u00e4\u00dfig aktualisiert, kann jedoch Ungenauigkeiten, Auslassungen oder L\u00fccken enthalten. Wenn Sie eine L\u00fccke, einen Fehler oder eine scheinbare Fehlfunktion bemerken, melden Sie dies bitte per E-Mail an chateaupascallette@gmail.com<\/p>\n<p>8.\u2060 \u2060Anwendbares Recht und Gerichtsstand:<\/p>\n<p>F\u00fcr alle Streitigkeiten im Zusammenhang mit der Nutzung der Website von Chateau Passcalette gilt franz\u00f6sisches Recht. Die ausschlie\u00dfliche Zust\u00e4ndigkeit liegt bei den zust\u00e4ndigen Gerichten von Toulon.<\/p>\n\t\t\t\t\t\t\t\t<\/div>\n\t\t\t\t<\/div>\n\t\t\t\t\t<\/div>\n\t\t\t\t<\/div>\n\t\t\t\t<\/div>\n\t\t","protected":false},"excerpt":{"rendered":"<p>Impressum 1.\u2060 \u2060Site-Editor: Firmenname: Chateau PascaletteRechtsform: SAS NAWAnschrift des Hauptsitzes: Departementsstra\u00dfe 559Telefonnummer: +33(0)4.94.01.28.64E-Mail-Adresse: bookingpasscalette@gmail.comSIRET-Nummer: 982 225 799 00013Innergemeinschaftliche Umsatzsteuer-Identifikationsnummer: FR60982225799 2.\u2060 \u2060Publikationsleiter: Name: IsabellePosition: Sekret\u00e4rin 3.\u2060 \u2060Site-Host: Hostname: HostingerAdresse: 61 Lordou Vironos Street, 6023 Larnaca, Zypern 4.\u2060 \u2060Geistiges Eigentum: Alle auf dieser Website vorhandenen Inhalte (Texte, Bilder, Videos etc.) sind urheberrechtlich gesch\u00fctzt. Jegliche Vervielf\u00e4ltigung ist [&hellip;]<\/p>\n","protected":false},"author":1,"featured_media":0,"parent":0,"menu_order":0,"comment_status":"closed","ping_status":"closed","template":"elementor_header_footer","meta":{"footnotes":""},"class_list":["post-2476","page","type-page","status-publish","hentry"],"yoast_head":"<!-- This site is optimized with the Yoast SEO plugin v25.3 - https:\/\/yoast.com\/wordpress\/plugins\/seo\/ -->\n<title>Impressum - Ch\u00e2teau Pascalette<\/title>\n<meta name=\"robots\" content=\"index, follow, max-snippet:-1, max-image-preview:large, max-video-preview:-1\" \/>\n<link rel=\"canonical\" href=\"https:\/\/chateaupascalette.com\/de\/rechtliche-hinweise\/\" \/>\n<meta property=\"og:locale\" content=\"de_DE\" \/>\n<meta property=\"og:type\" content=\"article\" \/>\n<meta property=\"og:title\" content=\"Impressum - Ch\u00e2teau Pascalette\" \/>\n<meta property=\"og:description\" content=\"Impressum 1.\u2060 \u2060Site-Editor: Firmenname: Chateau PascaletteRechtsform: SAS NAWAnschrift des Hauptsitzes: Departementsstra\u00dfe 559Telefonnummer: +33(0)4.94.01.28.64E-Mail-Adresse: bookingpasscalette@gmail.comSIRET-Nummer: 982 225 799 00013Innergemeinschaftliche Umsatzsteuer-Identifikationsnummer: FR60982225799 2.\u2060 \u2060Publikationsleiter: Name: IsabellePosition: Sekret\u00e4rin 3.\u2060 \u2060Site-Host: Hostname: HostingerAdresse: 61 Lordou Vironos Street, 6023 Larnaca, Zypern 4.\u2060 \u2060Geistiges Eigentum: Alle auf dieser Website vorhandenen Inhalte (Texte, Bilder, Videos etc.) sind urheberrechtlich gesch\u00fctzt. Jegliche Vervielf\u00e4ltigung ist [&hellip;]\" \/>\n<meta property=\"og:url\" content=\"https:\/\/chateaupascalette.com\/de\/rechtliche-hinweise\/\" \/>\n<meta property=\"og:site_name\" content=\"Ch\u00e2teau Pascalette\" \/>\n<meta property=\"article:modified_time\" content=\"2024-07-13T10:19:08+00:00\" \/>\n<meta name=\"twitter:card\" content=\"summary_large_image\" \/>\n<meta name=\"twitter:label1\" content=\"Gesch\u00e4tzte Lesezeit\" \/>\n\t<meta name=\"twitter:data1\" content=\"1\u00a0Minute\" \/>\n<script type=\"application\/ld+json\" class=\"yoast-schema-graph\">{\"@context\":\"https:\/\/schema.org\",\"@graph\":[{\"@type\":\"WebPage\",\"@id\":\"https:\/\/chateaupascalette.com\/de\/rechtliche-hinweise\/\",\"url\":\"https:\/\/chateaupascalette.com\/de\/rechtliche-hinweise\/\",\"name\":\"Impressum - Ch\u00e2teau Pascalette\",\"isPartOf\":{\"@id\":\"https:\/\/chateaupascalette.com\/#website\"},\"datePublished\":\"2024-07-06T13:45:58+00:00\",\"dateModified\":\"2024-07-13T10:19:08+00:00\",\"breadcrumb\":{\"@id\":\"https:\/\/chateaupascalette.com\/de\/rechtliche-hinweise\/#breadcrumb\"},\"inLanguage\":\"de\",\"potentialAction\":[{\"@type\":\"ReadAction\",\"target\":[\"https:\/\/chateaupascalette.com\/de\/rechtliche-hinweise\/\"]}]},{\"@type\":\"BreadcrumbList\",\"@id\":\"https:\/\/chateaupascalette.com\/de\/rechtliche-hinweise\/#breadcrumb\",\"itemListElement\":[{\"@type\":\"ListItem\",\"position\":1,\"name\":\"Accueil\",\"item\":\"https:\/\/chateaupascalette.com\/\"},{\"@type\":\"ListItem\",\"position\":2,\"name\":\"Impressum\"}]},{\"@type\":\"WebSite\",\"@id\":\"https:\/\/chateaupascalette.com\/#website\",\"url\":\"https:\/\/chateaupascalette.com\/\",\"name\":\"Ch\u00e2teau de la Pascalette\",\"description\":\"\",\"publisher\":{\"@id\":\"https:\/\/chateaupascalette.com\/#organization\"},\"potentialAction\":[{\"@type\":\"SearchAction\",\"target\":{\"@type\":\"EntryPoint\",\"urlTemplate\":\"https:\/\/chateaupascalette.com\/?s={search_term_string}\"},\"query-input\":{\"@type\":\"PropertyValueSpecification\",\"valueRequired\":true,\"valueName\":\"search_term_string\"}}],\"inLanguage\":\"de\"},{\"@type\":\"Organization\",\"@id\":\"https:\/\/chateaupascalette.com\/#organization\",\"name\":\"Ch\u00e2teau Pascalette\",\"url\":\"https:\/\/chateaupascalette.com\/\",\"logo\":{\"@type\":\"ImageObject\",\"inLanguage\":\"de\",\"@id\":\"https:\/\/chateaupascalette.com\/#\/schema\/logo\/image\/\",\"url\":\"https:\/\/chateaupascalette.com\/wp-content\/uploads\/2024\/02\/cropped-logo-bEIGE-2.png\",\"contentUrl\":\"https:\/\/chateaupascalette.com\/wp-content\/uploads\/2024\/02\/cropped-logo-bEIGE-2.png\",\"width\":512,\"height\":512,\"caption\":\"Ch\u00e2teau Pascalette\"},\"image\":{\"@id\":\"https:\/\/chateaupascalette.com\/#\/schema\/logo\/image\/\"}}]}<\/script>\n<!-- \/ Yoast SEO plugin. -->","yoast_head_json":{"title":"Impressum - Ch\u00e2teau Pascalette","robots":{"index":"index","follow":"follow","max-snippet":"max-snippet:-1","max-image-preview":"max-image-preview:large","max-video-preview":"max-video-preview:-1"},"canonical":"https:\/\/chateaupascalette.com\/de\/rechtliche-hinweise\/","og_locale":"de_DE","og_type":"article","og_title":"Impressum - Ch\u00e2teau Pascalette","og_description":"Impressum 1.\u2060 \u2060Site-Editor: Firmenname: Chateau PascaletteRechtsform: SAS NAWAnschrift des Hauptsitzes: Departementsstra\u00dfe 559Telefonnummer: +33(0)4.94.01.28.64E-Mail-Adresse: bookingpasscalette@gmail.comSIRET-Nummer: 982 225 799 00013Innergemeinschaftliche Umsatzsteuer-Identifikationsnummer: FR60982225799 2.\u2060 \u2060Publikationsleiter: Name: IsabellePosition: Sekret\u00e4rin 3.\u2060 \u2060Site-Host: Hostname: HostingerAdresse: 61 Lordou Vironos Street, 6023 Larnaca, Zypern 4.\u2060 \u2060Geistiges Eigentum: Alle auf dieser Website vorhandenen Inhalte (Texte, Bilder, Videos etc.) sind urheberrechtlich gesch\u00fctzt. Jegliche Vervielf\u00e4ltigung ist [&hellip;]","og_url":"https:\/\/chateaupascalette.com\/de\/rechtliche-hinweise\/","og_site_name":"Ch\u00e2teau Pascalette","article_modified_time":"2024-07-13T10:19:08+00:00","twitter_card":"summary_large_image","twitter_misc":{"Gesch\u00e4tzte Lesezeit":"1\u00a0Minute"},"schema":{"@context":"https:\/\/schema.org","@graph":[{"@type":"WebPage","@id":"https:\/\/chateaupascalette.com\/de\/rechtliche-hinweise\/","url":"https:\/\/chateaupascalette.com\/de\/rechtliche-hinweise\/","name":"Impressum - Ch\u00e2teau Pascalette","isPartOf":{"@id":"https:\/\/chateaupascalette.com\/#website"},"datePublished":"2024-07-06T13:45:58+00:00","dateModified":"2024-07-13T10:19:08+00:00","breadcrumb":{"@id":"https:\/\/chateaupascalette.com\/de\/rechtliche-hinweise\/#breadcrumb"},"inLanguage":"de","potentialAction":[{"@type":"ReadAction","target":["https:\/\/chateaupascalette.com\/de\/rechtliche-hinweise\/"]}]},{"@type":"BreadcrumbList","@id":"https:\/\/chateaupascalette.com\/de\/rechtliche-hinweise\/#breadcrumb","itemListElement":[{"@type":"ListItem","position":1,"name":"Accueil","item":"https:\/\/chateaupascalette.com\/"},{"@type":"ListItem","position":2,"name":"Impressum"}]},{"@type":"WebSite","@id":"https:\/\/chateaupascalette.com\/#website","url":"https:\/\/chateaupascalette.com\/","name":"Ch\u00e2teau de la Pascalette","description":"","publisher":{"@id":"https:\/\/chateaupascalette.com\/#organization"},"potentialAction":[{"@type":"SearchAction","target":{"@type":"EntryPoint","urlTemplate":"https:\/\/chateaupascalette.com\/?s={search_term_string}"},"query-input":{"@type":"PropertyValueSpecification","valueRequired":true,"valueName":"search_term_string"}}],"inLanguage":"de"},{"@type":"Organization","@id":"https:\/\/chateaupascalette.com\/#organization","name":"Ch\u00e2teau Pascalette","url":"https:\/\/chateaupascalette.com\/","logo":{"@type":"ImageObject","inLanguage":"de","@id":"https:\/\/chateaupascalette.com\/#\/schema\/logo\/image\/","url":"https:\/\/chateaupascalette.com\/wp-content\/uploads\/2024\/02\/cropped-logo-bEIGE-2.png","contentUrl":"https:\/\/chateaupascalette.com\/wp-content\/uploads\/2024\/02\/cropped-logo-bEIGE-2.png","width":512,"height":512,"caption":"Ch\u00e2teau Pascalette"},"image":{"@id":"https:\/\/chateaupascalette.com\/#\/schema\/logo\/image\/"}}]}},"_links":{"self":[{"href":"https:\/\/chateaupascalette.com\/de\/wp-json\/wp\/v2\/pages\/2476","targetHints":{"allow":["GET"]}}],"collection":[{"href":"https:\/\/chateaupascalette.com\/de\/wp-json\/wp\/v2\/pages"}],"about":[{"href":"https:\/\/chateaupascalette.com\/de\/wp-json\/wp\/v2\/types\/page"}],"author":[{"embeddable":true,"href":"https:\/\/chateaupascalette.com\/de\/wp-json\/wp\/v2\/users\/1"}],"replies":[{"embeddable":true,"href":"https:\/\/chateaupascalette.com\/de\/wp-json\/wp\/v2\/comments?post=2476"}],"version-history":[{"count":2,"href":"https:\/\/chateaupascalette.com\/de\/wp-json\/wp\/v2\/pages\/2476\/revisions"}],"predecessor-version":[{"id":2699,"href":"https:\/\/chateaupascalette.com\/de\/wp-json\/wp\/v2\/pages\/2476\/revisions\/2699"}],"wp:attachment":[{"href":"https:\/\/chateaupascalette.com\/de\/wp-json\/wp\/v2\/media?parent=2476"}],"curies":[{"name":"wp","href":"https:\/\/api.w.org\/{rel}","templated":true}]}}