{"id":2465,"date":"2024-02-16T22:48:56","date_gmt":"2024-02-16T21:48:56","guid":{"rendered":"https:\/\/chateaupascalette.com\/die-geschichte\/"},"modified":"2024-07-22T12:59:39","modified_gmt":"2024-07-22T10:59:39","slug":"die-geschichte","status":"publish","type":"page","link":"https:\/\/chateaupascalette.com\/de\/die-geschichte\/","title":{"rendered":"Die Geschichte"},"content":{"rendered":"\t\t<div data-elementor-type=\"wp-page\" data-elementor-id=\"2465\" class=\"elementor elementor-2465 elementor-115\" data-elementor-post-type=\"page\">\n\t\t\t\t\t\t<section class=\"elementor-section elementor-top-section elementor-element elementor-element-4ae5c10a elementor-section-height-min-height elementor-section-full_width elementor-section-height-default elementor-section-items-middle\" data-id=\"4ae5c10a\" data-element_type=\"section\" data-settings=\"{&quot;background_background&quot;:&quot;classic&quot;}\">\n\t\t\t\t\t\t\t<div class=\"elementor-background-overlay\"><\/div>\n\t\t\t\t\t\t\t<div class=\"elementor-container elementor-column-gap-no\">\n\t\t\t\t\t<div class=\"elementor-column elementor-col-100 elementor-top-column elementor-element elementor-element-3b28bd4f\" data-id=\"3b28bd4f\" data-element_type=\"column\">\n\t\t\t<div class=\"elementor-widget-wrap\">\n\t\t\t\t\t\t\t<\/div>\n\t\t<\/div>\n\t\t\t\t\t<\/div>\n\t\t<\/section>\n\t\t\t\t<section class=\"elementor-section elementor-top-section elementor-element elementor-element-42819268 elementor-section-boxed elementor-section-height-default elementor-section-height-default\" data-id=\"42819268\" data-element_type=\"section\">\n\t\t\t\t\t\t<div class=\"elementor-container elementor-column-gap-default\">\n\t\t\t\t\t<div class=\"elementor-column elementor-col-100 elementor-top-column elementor-element elementor-element-4ebac9ae\" data-id=\"4ebac9ae\" data-element_type=\"column\">\n\t\t\t<div class=\"elementor-widget-wrap elementor-element-populated\">\n\t\t\t\t\t\t<div class=\"elementor-element elementor-element-181a1360 elementor-widget elementor-widget-heading\" data-id=\"181a1360\" data-element_type=\"widget\" data-widget_type=\"heading.default\">\n\t\t\t\t<div class=\"elementor-widget-container\">\n\t\t\t\t\t<h1 class=\"elementor-heading-title elementor-size-default\">die Geschichte<\/h1>\t\t\t\t<\/div>\n\t\t\t\t<\/div>\n\t\t\t\t<div class=\"elementor-element elementor-element-988a754 elementor-widget elementor-widget-text-editor\" data-id=\"988a754\" data-element_type=\"widget\" data-widget_type=\"text-editor.default\">\n\t\t\t\t<div class=\"elementor-widget-container\">\n\t\t\t\t\t\t\t\t\t<p>Entdecken Sie die fesselnde Geschichte von Ch\u00e2teau Pascalette, einem l\u00e4ndlichen Anwesen von zeitloser Sch\u00f6nheit, das seit \u00fcber einem Jahrhundert im Herzen von Londe-les-Maures liegt.<\/p>\n\t\t\t\t\t\t\t\t<\/div>\n\t\t\t\t<\/div>\n\t\t\t\t\t<\/div>\n\t\t<\/div>\n\t\t\t\t\t<\/div>\n\t\t<\/section>\n\t\t<div class=\"elementor-element elementor-element-c24dcd3 e-con-full e-flex e-con e-parent\" data-id=\"c24dcd3\" data-element_type=\"container\">\n\t\t<div class=\"elementor-element elementor-element-fe6fc2c e-con-full e-flex e-con e-child\" data-id=\"fe6fc2c\" data-element_type=\"container\">\n\t\t\t\t<div class=\"elementor-element elementor-element-32016f8 elementor-widget elementor-widget-image\" data-id=\"32016f8\" data-element_type=\"widget\" data-widget_type=\"image.default\">\n\t\t\t\t<div class=\"elementor-widget-container\">\n\t\t\t\t\t\t\t\t\t\t\t\t\t\t\t<img fetchpriority=\"high\" decoding=\"async\" width=\"800\" height=\"577\" src=\"https:\/\/chateaupascalette.com\/wp-content\/uploads\/2024\/04\/Famille-devant-chateau-1024x738.jpg\" class=\"attachment-large size-large wp-image-2177\" alt=\"\" srcset=\"https:\/\/chateaupascalette.com\/wp-content\/uploads\/2024\/04\/Famille-devant-chateau-1024x738.jpg 1024w, https:\/\/chateaupascalette.com\/wp-content\/uploads\/2024\/04\/Famille-devant-chateau-300x216.jpg 300w, https:\/\/chateaupascalette.com\/wp-content\/uploads\/2024\/04\/Famille-devant-chateau-768x554.jpg 768w, https:\/\/chateaupascalette.com\/wp-content\/uploads\/2024\/04\/Famille-devant-chateau-1536x1107.jpg 1536w, https:\/\/chateaupascalette.com\/wp-content\/uploads\/2024\/04\/Famille-devant-chateau-2048x1476.jpg 2048w\" sizes=\"(max-width: 800px) 100vw, 800px\" \/>\t\t\t\t\t\t\t\t\t\t\t\t\t\t\t<\/div>\n\t\t\t\t<\/div>\n\t\t\t\t<\/div>\n\t\t<div class=\"elementor-element elementor-element-c523454 e-con-full e-flex e-con e-child\" data-id=\"c523454\" data-element_type=\"container\">\n\t\t\t\t<div class=\"elementor-element elementor-element-b41542a elementor-widget elementor-widget-text-editor\" data-id=\"b41542a\" data-element_type=\"widget\" data-widget_type=\"text-editor.default\">\n\t\t\t\t<div class=\"elementor-widget-container\">\n\t\t\t\t\t\t\t\t\t<p><span style=\"font-weight: 400;\">Im Jahr 1880 erwarb Henriette Poulle, die zweite Frau von Albert Roux, bedeutender B\u00fcrgermeister von La Londe von 1904 bis 1921, das Pascalette-Anwesen. Mit ihren eigenen Mitteln nahm sie die Umgestaltung dieses Ortes vor, der damals haupts\u00e4chlich aus Wirtschaftsgeb\u00e4uden, Ackerland, Weinreben, Olivenb\u00e4umen und W\u00e4ldern bestand und sich \u00fcber mehr als 69 Hektar erstreckte<\/span><\/p>\n\t\t\t\t\t\t\t\t<\/div>\n\t\t\t\t<\/div>\n\t\t\t\t<\/div>\n\t\t\t\t<\/div>\n\t\t<div class=\"elementor-element elementor-element-5fcb209 e-con-full e-flex e-con e-parent\" data-id=\"5fcb209\" data-element_type=\"container\">\n\t\t<div class=\"elementor-element elementor-element-7e33b87 e-con-full e-flex e-con e-child\" data-id=\"7e33b87\" data-element_type=\"container\">\n\t\t\t\t<div class=\"elementor-element elementor-element-7ec1808 elementor-widget elementor-widget-text-editor\" data-id=\"7ec1808\" data-element_type=\"widget\" data-widget_type=\"text-editor.default\">\n\t\t\t\t<div class=\"elementor-widget-container\">\n\t\t\t\t\t\t\t\t\t<p><span style=\"font-weight: 400;\">Der majest\u00e4tische Bau des Schlosses, dessen erste Spuren mindestens bis ins Jahr 1892 zur\u00fcckreichen, zeugt von der Raffinesse dieser Zeit. Diese dem renommierten Architekten Gaudensi Allar zugeschriebene Residenz wurde nach 1890 h\u00f6chstwahrscheinlich zum Wohnsitz des Ehepaars Albert und Henriette Roux. In dem Bem\u00fchen, diesen Ort zu einer wahren Oase des Friedens zu machen, bauten sie dort einen Stall und begannen mit der Zucht von Rennpferden, w\u00e4hrend sie gleichzeitig leidenschaftlich Weinreben und Zitrusfr\u00fcchte anbauten. In den Katasterb\u00fcchern von 1901 wird das Schloss als \u201eVilla\u201c bezeichnet.<\/span><\/p>\n\t\t\t\t\t\t\t\t<\/div>\n\t\t\t\t<\/div>\n\t\t\t\t<\/div>\n\t\t<div class=\"elementor-element elementor-element-28ea5e5 e-con-full e-flex e-con e-child\" data-id=\"28ea5e5\" data-element_type=\"container\">\n\t\t\t\t<div class=\"elementor-element elementor-element-9546492 elementor-widget elementor-widget-image\" data-id=\"9546492\" data-element_type=\"widget\" data-widget_type=\"image.default\">\n\t\t\t\t<div class=\"elementor-widget-container\">\n\t\t\t\t\t\t\t\t\t\t\t\t\t\t\t<img decoding=\"async\" width=\"800\" height=\"573\" src=\"https:\/\/chateaupascalette.com\/wp-content\/uploads\/2024\/04\/Famille-Roux-entre-1892-et-1893-1024x734.jpg\" class=\"attachment-large size-large wp-image-2179\" alt=\"\" srcset=\"https:\/\/chateaupascalette.com\/wp-content\/uploads\/2024\/04\/Famille-Roux-entre-1892-et-1893-1024x734.jpg 1024w, https:\/\/chateaupascalette.com\/wp-content\/uploads\/2024\/04\/Famille-Roux-entre-1892-et-1893-300x215.jpg 300w, https:\/\/chateaupascalette.com\/wp-content\/uploads\/2024\/04\/Famille-Roux-entre-1892-et-1893-768x550.jpg 768w, https:\/\/chateaupascalette.com\/wp-content\/uploads\/2024\/04\/Famille-Roux-entre-1892-et-1893-1536x1101.jpg 1536w, https:\/\/chateaupascalette.com\/wp-content\/uploads\/2024\/04\/Famille-Roux-entre-1892-et-1893-2048x1468.jpg 2048w\" sizes=\"(max-width: 800px) 100vw, 800px\" \/>\t\t\t\t\t\t\t\t\t\t\t\t\t\t\t<\/div>\n\t\t\t\t<\/div>\n\t\t\t\t<\/div>\n\t\t\t\t<\/div>\n\t\t<div class=\"elementor-element elementor-element-72fe8ef e-con-full e-flex e-con e-parent\" data-id=\"72fe8ef\" data-element_type=\"container\">\n\t\t<div class=\"elementor-element elementor-element-eaf6b15 e-con-full e-flex e-con e-child\" data-id=\"eaf6b15\" data-element_type=\"container\">\n\t\t\t\t<div class=\"elementor-element elementor-element-edf6a13 elementor-widget elementor-widget-image\" data-id=\"edf6a13\" data-element_type=\"widget\" data-widget_type=\"image.default\">\n\t\t\t\t<div class=\"elementor-widget-container\">\n\t\t\t\t\t\t\t\t\t\t\t\t\t\t\t<img decoding=\"async\" width=\"836\" height=\"1321\" src=\"https:\/\/chateaupascalette.com\/wp-content\/uploads\/2024\/04\/Extrait-carnet-Ecuries.jpg\" class=\"attachment-full size-full wp-image-2181\" alt=\"\" srcset=\"https:\/\/chateaupascalette.com\/wp-content\/uploads\/2024\/04\/Extrait-carnet-Ecuries.jpg 836w, https:\/\/chateaupascalette.com\/wp-content\/uploads\/2024\/04\/Extrait-carnet-Ecuries-190x300.jpg 190w, https:\/\/chateaupascalette.com\/wp-content\/uploads\/2024\/04\/Extrait-carnet-Ecuries-648x1024.jpg 648w, https:\/\/chateaupascalette.com\/wp-content\/uploads\/2024\/04\/Extrait-carnet-Ecuries-768x1214.jpg 768w\" sizes=\"(max-width: 836px) 100vw, 836px\" \/>\t\t\t\t\t\t\t\t\t\t\t\t\t\t\t<\/div>\n\t\t\t\t<\/div>\n\t\t\t\t<\/div>\n\t\t<div class=\"elementor-element elementor-element-9d8819d e-con-full e-flex e-con e-child\" data-id=\"9d8819d\" data-element_type=\"container\">\n\t\t\t\t<div class=\"elementor-element elementor-element-667936d elementor-widget elementor-widget-text-editor\" data-id=\"667936d\" data-element_type=\"widget\" data-widget_type=\"text-editor.default\">\n\t\t\t\t<div class=\"elementor-widget-container\">\n\t\t\t\t\t\t\t\t\t<p><span style=\"font-weight: 400;\">Als innovativer Ansatz lie\u00df Albert Roux auf dem Anglades-Grundst\u00fcck eine Dampfpumpstation installieren, um Wasser aus dem unteren Gapeau-Grundwasserspiegel zu entnehmen. Anschlie\u00dfend wird ein Rohr zu einem Speicherteich auf seinem Grundst\u00fcck in La Coulerette verlegt, das sowohl f\u00fcr dieses Grundst\u00fcck als auch f\u00fcr La Pascalette eine wertvolle Wasserquelle darstellt.<\/span><\/p>\n<p><span style=\"font-weight: 400;\">Im Laufe der Jahre entwickelte sich das Anwesen weiter und in den 2000er Jahren wurden die alten St\u00e4lle in mehrere G\u00eetes umgewandelt, die den Besuchern ein authentisches und malerisches Erlebnis des Landlebens bieten. In j\u00fcngerer Zeit wurde das Schloss selbst sorgf\u00e4ltig renoviert, um luxuri\u00f6se G\u00e4steunterk\u00fcnfte zu bieten und gleichzeitig seinen Charme der alten Welt zu bewahren.<\/span><\/p><\/p>\n\t\t\t\t\t\t\t\t<\/div>\n\t\t\t\t<\/div>\n\t\t\t\t<\/div>\n\t\t\t\t<\/div>\n\t\t<div class=\"elementor-element elementor-element-01eb4b5 e-con-full e-flex e-con e-parent\" data-id=\"01eb4b5\" data-element_type=\"container\">\n\t\t<div class=\"elementor-element elementor-element-bf9245f e-con-full e-flex e-con e-child\" data-id=\"bf9245f\" data-element_type=\"container\">\n\t\t\t\t<div class=\"elementor-element elementor-element-a715263 elementor-widget elementor-widget-text-editor\" data-id=\"a715263\" data-element_type=\"widget\" data-widget_type=\"text-editor.default\">\n\t\t\t\t<div class=\"elementor-widget-container\">\n\t\t\t\t\t\t\t\t\t<p><span style=\"font-weight: 400;\">So ist Ch\u00e2teau Pascalette im Laufe der Jahrzehnte weit mehr als nur ein einfacher Wohnsitz geworden. Es ist ein Symbol f\u00fcr Leidenschaft, Innovation und Engagement f\u00fcr den Erhalt der Natur und des Erbes. Wir sind stolz darauf, diese Tradition fortzuf\u00fchren und begr\u00fc\u00dfen Sie in diesem Rahmen voller Geschichte und Charme.<\/span><\/p>\n\t\t\t\t\t\t\t\t<\/div>\n\t\t\t\t<\/div>\n\t\t\t\t<\/div>\n\t\t<div class=\"elementor-element elementor-element-721322d e-con-full e-flex e-con e-child\" data-id=\"721322d\" data-element_type=\"container\">\n\t\t\t\t<div class=\"elementor-element elementor-element-d465270 elementor-widget elementor-widget-image\" data-id=\"d465270\" data-element_type=\"widget\" data-widget_type=\"image.default\">\n\t\t\t\t<div class=\"elementor-widget-container\">\n\t\t\t\t\t\t\t\t\t\t\t\t\t\t\t<img loading=\"lazy\" decoding=\"async\" width=\"2181\" height=\"1402\" src=\"https:\/\/chateaupascalette.com\/wp-content\/uploads\/2024\/04\/Carte-Postale-1911.jpg\" class=\"attachment-full size-full wp-image-2175\" alt=\"\" srcset=\"https:\/\/chateaupascalette.com\/wp-content\/uploads\/2024\/04\/Carte-Postale-1911.jpg 2181w, https:\/\/chateaupascalette.com\/wp-content\/uploads\/2024\/04\/Carte-Postale-1911-300x193.jpg 300w, https:\/\/chateaupascalette.com\/wp-content\/uploads\/2024\/04\/Carte-Postale-1911-1024x658.jpg 1024w, https:\/\/chateaupascalette.com\/wp-content\/uploads\/2024\/04\/Carte-Postale-1911-768x494.jpg 768w, https:\/\/chateaupascalette.com\/wp-content\/uploads\/2024\/04\/Carte-Postale-1911-1536x987.jpg 1536w, https:\/\/chateaupascalette.com\/wp-content\/uploads\/2024\/04\/Carte-Postale-1911-2048x1317.jpg 2048w\" sizes=\"(max-width: 2181px) 100vw, 2181px\" \/>\t\t\t\t\t\t\t\t\t\t\t\t\t\t\t<\/div>\n\t\t\t\t<\/div>\n\t\t\t\t<\/div>\n\t\t\t\t<\/div>\n\t\t\t\t<\/div>\n\t\t","protected":false},"excerpt":{"rendered":"<p>die Geschichte Entdecken Sie die fesselnde Geschichte von Ch\u00e2teau Pascalette, einem l\u00e4ndlichen Anwesen von zeitloser Sch\u00f6nheit, das seit \u00fcber einem Jahrhundert im Herzen von Londe-les-Maures liegt. Im Jahr 1880 erwarb Henriette Poulle, die zweite Frau von Albert Roux, bedeutender B\u00fcrgermeister von La Londe von 1904 bis 1921, das Pascalette-Anwesen. Mit ihren eigenen Mitteln nahm sie [&hellip;]<\/p>\n","protected":false},"author":1,"featured_media":2177,"parent":0,"menu_order":0,"comment_status":"closed","ping_status":"closed","template":"elementor_header_footer","meta":{"footnotes":""},"class_list":["post-2465","page","type-page","status-publish","has-post-thumbnail","hentry"],"yoast_head":"<!-- This site is optimized with the Yoast SEO plugin v25.3 - https:\/\/yoast.com\/wordpress\/plugins\/seo\/ -->\n<title>Die Geschichte - Ch\u00e2teau Pascalette<\/title>\n<meta name=\"description\" content=\"Entdecken Sie die Geschichte des vom Architekten Gaudin Allar entworfenen Schlosses. Entdecken Sie die Urspr\u00fcnge und die Entwicklung dieses prestigetr\u00e4chtigen Fachgebiets\" \/>\n<meta name=\"robots\" content=\"index, follow, max-snippet:-1, max-image-preview:large, max-video-preview:-1\" \/>\n<link rel=\"canonical\" href=\"https:\/\/chateaupascalette.com\/de\/die-geschichte\/\" \/>\n<meta property=\"og:locale\" content=\"de_DE\" \/>\n<meta property=\"og:type\" content=\"article\" \/>\n<meta property=\"og:title\" content=\"Die Geschichte - Ch\u00e2teau Pascalette\" \/>\n<meta property=\"og:description\" content=\"Entdecken Sie die Geschichte des vom Architekten Gaudin Allar entworfenen Schlosses. Entdecken Sie die Urspr\u00fcnge und die Entwicklung dieses prestigetr\u00e4chtigen Fachgebiets\" \/>\n<meta property=\"og:url\" content=\"https:\/\/chateaupascalette.com\/de\/die-geschichte\/\" \/>\n<meta property=\"og:site_name\" content=\"Ch\u00e2teau Pascalette\" \/>\n<meta property=\"article:modified_time\" content=\"2024-07-22T10:59:39+00:00\" \/>\n<meta property=\"og:image\" content=\"https:\/\/chateaupascalette.com\/wp-content\/uploads\/2024\/04\/Famille-devant-chateau-scaled.jpg\" \/>\n\t<meta property=\"og:image:width\" content=\"2560\" \/>\n\t<meta property=\"og:image:height\" content=\"1845\" \/>\n\t<meta property=\"og:image:type\" content=\"image\/jpeg\" \/>\n<meta name=\"twitter:card\" content=\"summary_large_image\" \/>\n<meta name=\"twitter:label1\" content=\"Gesch\u00e4tzte Lesezeit\" \/>\n\t<meta name=\"twitter:data1\" content=\"2\u00a0Minuten\" \/>\n<script type=\"application\/ld+json\" class=\"yoast-schema-graph\">{\"@context\":\"https:\/\/schema.org\",\"@graph\":[{\"@type\":\"WebPage\",\"@id\":\"https:\/\/chateaupascalette.com\/de\/die-geschichte\/\",\"url\":\"https:\/\/chateaupascalette.com\/de\/die-geschichte\/\",\"name\":\"Die Geschichte - Ch\u00e2teau Pascalette\",\"isPartOf\":{\"@id\":\"https:\/\/chateaupascalette.com\/#website\"},\"primaryImageOfPage\":{\"@id\":\"https:\/\/chateaupascalette.com\/de\/die-geschichte\/#primaryimage\"},\"image\":{\"@id\":\"https:\/\/chateaupascalette.com\/de\/die-geschichte\/#primaryimage\"},\"thumbnailUrl\":\"https:\/\/chateaupascalette.com\/wp-content\/uploads\/2024\/04\/Famille-devant-chateau-scaled.jpg\",\"datePublished\":\"2024-02-16T21:48:56+00:00\",\"dateModified\":\"2024-07-22T10:59:39+00:00\",\"description\":\"Entdecken Sie die Geschichte des vom Architekten Gaudin Allar entworfenen Schlosses. Entdecken Sie die Urspr\u00fcnge und die Entwicklung dieses prestigetr\u00e4chtigen Fachgebiets\",\"breadcrumb\":{\"@id\":\"https:\/\/chateaupascalette.com\/de\/die-geschichte\/#breadcrumb\"},\"inLanguage\":\"de\",\"potentialAction\":[{\"@type\":\"ReadAction\",\"target\":[\"https:\/\/chateaupascalette.com\/de\/die-geschichte\/\"]}]},{\"@type\":\"ImageObject\",\"inLanguage\":\"de\",\"@id\":\"https:\/\/chateaupascalette.com\/de\/die-geschichte\/#primaryimage\",\"url\":\"https:\/\/chateaupascalette.com\/wp-content\/uploads\/2024\/04\/Famille-devant-chateau-scaled.jpg\",\"contentUrl\":\"https:\/\/chateaupascalette.com\/wp-content\/uploads\/2024\/04\/Famille-devant-chateau-scaled.jpg\",\"width\":2560,\"height\":1845},{\"@type\":\"BreadcrumbList\",\"@id\":\"https:\/\/chateaupascalette.com\/de\/die-geschichte\/#breadcrumb\",\"itemListElement\":[{\"@type\":\"ListItem\",\"position\":1,\"name\":\"Accueil\",\"item\":\"https:\/\/chateaupascalette.com\/\"},{\"@type\":\"ListItem\",\"position\":2,\"name\":\"Die Geschichte\"}]},{\"@type\":\"WebSite\",\"@id\":\"https:\/\/chateaupascalette.com\/#website\",\"url\":\"https:\/\/chateaupascalette.com\/\",\"name\":\"Ch\u00e2teau de la Pascalette\",\"description\":\"\",\"publisher\":{\"@id\":\"https:\/\/chateaupascalette.com\/#organization\"},\"potentialAction\":[{\"@type\":\"SearchAction\",\"target\":{\"@type\":\"EntryPoint\",\"urlTemplate\":\"https:\/\/chateaupascalette.com\/?s={search_term_string}\"},\"query-input\":{\"@type\":\"PropertyValueSpecification\",\"valueRequired\":true,\"valueName\":\"search_term_string\"}}],\"inLanguage\":\"de\"},{\"@type\":\"Organization\",\"@id\":\"https:\/\/chateaupascalette.com\/#organization\",\"name\":\"Ch\u00e2teau Pascalette\",\"url\":\"https:\/\/chateaupascalette.com\/\",\"logo\":{\"@type\":\"ImageObject\",\"inLanguage\":\"de\",\"@id\":\"https:\/\/chateaupascalette.com\/#\/schema\/logo\/image\/\",\"url\":\"https:\/\/chateaupascalette.com\/wp-content\/uploads\/2024\/02\/cropped-logo-bEIGE-2.png\",\"contentUrl\":\"https:\/\/chateaupascalette.com\/wp-content\/uploads\/2024\/02\/cropped-logo-bEIGE-2.png\",\"width\":512,\"height\":512,\"caption\":\"Ch\u00e2teau Pascalette\"},\"image\":{\"@id\":\"https:\/\/chateaupascalette.com\/#\/schema\/logo\/image\/\"}}]}<\/script>\n<!-- \/ Yoast SEO plugin. -->","yoast_head_json":{"title":"Die Geschichte - Ch\u00e2teau Pascalette","description":"Entdecken Sie die Geschichte des vom Architekten Gaudin Allar entworfenen Schlosses. Entdecken Sie die Urspr\u00fcnge und die Entwicklung dieses prestigetr\u00e4chtigen Fachgebiets","robots":{"index":"index","follow":"follow","max-snippet":"max-snippet:-1","max-image-preview":"max-image-preview:large","max-video-preview":"max-video-preview:-1"},"canonical":"https:\/\/chateaupascalette.com\/de\/die-geschichte\/","og_locale":"de_DE","og_type":"article","og_title":"Die Geschichte - Ch\u00e2teau Pascalette","og_description":"Entdecken Sie die Geschichte des vom Architekten Gaudin Allar entworfenen Schlosses. Entdecken Sie die Urspr\u00fcnge und die Entwicklung dieses prestigetr\u00e4chtigen Fachgebiets","og_url":"https:\/\/chateaupascalette.com\/de\/die-geschichte\/","og_site_name":"Ch\u00e2teau Pascalette","article_modified_time":"2024-07-22T10:59:39+00:00","og_image":[{"width":2560,"height":1845,"url":"https:\/\/chateaupascalette.com\/wp-content\/uploads\/2024\/04\/Famille-devant-chateau-scaled.jpg","type":"image\/jpeg"}],"twitter_card":"summary_large_image","twitter_misc":{"Gesch\u00e4tzte Lesezeit":"2\u00a0Minuten"},"schema":{"@context":"https:\/\/schema.org","@graph":[{"@type":"WebPage","@id":"https:\/\/chateaupascalette.com\/de\/die-geschichte\/","url":"https:\/\/chateaupascalette.com\/de\/die-geschichte\/","name":"Die Geschichte - Ch\u00e2teau Pascalette","isPartOf":{"@id":"https:\/\/chateaupascalette.com\/#website"},"primaryImageOfPage":{"@id":"https:\/\/chateaupascalette.com\/de\/die-geschichte\/#primaryimage"},"image":{"@id":"https:\/\/chateaupascalette.com\/de\/die-geschichte\/#primaryimage"},"thumbnailUrl":"https:\/\/chateaupascalette.com\/wp-content\/uploads\/2024\/04\/Famille-devant-chateau-scaled.jpg","datePublished":"2024-02-16T21:48:56+00:00","dateModified":"2024-07-22T10:59:39+00:00","description":"Entdecken Sie die Geschichte des vom Architekten Gaudin Allar entworfenen Schlosses. Entdecken Sie die Urspr\u00fcnge und die Entwicklung dieses prestigetr\u00e4chtigen Fachgebiets","breadcrumb":{"@id":"https:\/\/chateaupascalette.com\/de\/die-geschichte\/#breadcrumb"},"inLanguage":"de","potentialAction":[{"@type":"ReadAction","target":["https:\/\/chateaupascalette.com\/de\/die-geschichte\/"]}]},{"@type":"ImageObject","inLanguage":"de","@id":"https:\/\/chateaupascalette.com\/de\/die-geschichte\/#primaryimage","url":"https:\/\/chateaupascalette.com\/wp-content\/uploads\/2024\/04\/Famille-devant-chateau-scaled.jpg","contentUrl":"https:\/\/chateaupascalette.com\/wp-content\/uploads\/2024\/04\/Famille-devant-chateau-scaled.jpg","width":2560,"height":1845},{"@type":"BreadcrumbList","@id":"https:\/\/chateaupascalette.com\/de\/die-geschichte\/#breadcrumb","itemListElement":[{"@type":"ListItem","position":1,"name":"Accueil","item":"https:\/\/chateaupascalette.com\/"},{"@type":"ListItem","position":2,"name":"Die Geschichte"}]},{"@type":"WebSite","@id":"https:\/\/chateaupascalette.com\/#website","url":"https:\/\/chateaupascalette.com\/","name":"Ch\u00e2teau de la Pascalette","description":"","publisher":{"@id":"https:\/\/chateaupascalette.com\/#organization"},"potentialAction":[{"@type":"SearchAction","target":{"@type":"EntryPoint","urlTemplate":"https:\/\/chateaupascalette.com\/?s={search_term_string}"},"query-input":{"@type":"PropertyValueSpecification","valueRequired":true,"valueName":"search_term_string"}}],"inLanguage":"de"},{"@type":"Organization","@id":"https:\/\/chateaupascalette.com\/#organization","name":"Ch\u00e2teau Pascalette","url":"https:\/\/chateaupascalette.com\/","logo":{"@type":"ImageObject","inLanguage":"de","@id":"https:\/\/chateaupascalette.com\/#\/schema\/logo\/image\/","url":"https:\/\/chateaupascalette.com\/wp-content\/uploads\/2024\/02\/cropped-logo-bEIGE-2.png","contentUrl":"https:\/\/chateaupascalette.com\/wp-content\/uploads\/2024\/02\/cropped-logo-bEIGE-2.png","width":512,"height":512,"caption":"Ch\u00e2teau Pascalette"},"image":{"@id":"https:\/\/chateaupascalette.com\/#\/schema\/logo\/image\/"}}]}},"_links":{"self":[{"href":"https:\/\/chateaupascalette.com\/de\/wp-json\/wp\/v2\/pages\/2465","targetHints":{"allow":["GET"]}}],"collection":[{"href":"https:\/\/chateaupascalette.com\/de\/wp-json\/wp\/v2\/pages"}],"about":[{"href":"https:\/\/chateaupascalette.com\/de\/wp-json\/wp\/v2\/types\/page"}],"author":[{"embeddable":true,"href":"https:\/\/chateaupascalette.com\/de\/wp-json\/wp\/v2\/users\/1"}],"replies":[{"embeddable":true,"href":"https:\/\/chateaupascalette.com\/de\/wp-json\/wp\/v2\/comments?post=2465"}],"version-history":[{"count":10,"href":"https:\/\/chateaupascalette.com\/de\/wp-json\/wp\/v2\/pages\/2465\/revisions"}],"predecessor-version":[{"id":3879,"href":"https:\/\/chateaupascalette.com\/de\/wp-json\/wp\/v2\/pages\/2465\/revisions\/3879"}],"wp:featuredmedia":[{"embeddable":true,"href":"https:\/\/chateaupascalette.com\/de\/wp-json\/wp\/v2\/media\/2177"}],"wp:attachment":[{"href":"https:\/\/chateaupascalette.com\/de\/wp-json\/wp\/v2\/media?parent=2465"}],"curies":[{"name":"wp","href":"https:\/\/api.w.org\/{rel}","templated":true}]}}